{"id":26323,"date":"2025-06-23T10:53:08","date_gmt":"2025-06-23T13:53:08","guid":{"rendered":"https:\/\/leloupshoes.com\/us\/shop\/product-13\/"},"modified":"2025-10-12T20:30:31","modified_gmt":"2025-10-12T23:30:31","slug":"product-13","status":"publish","type":"product","link":"https:\/\/leloupshoes.com\/us\/shop\/product-13\/","title":{"rendered":"Product"},"content":{"rendered":"<p style=\"text-align: justify\">Elegancia en cada paso. Confeccionado en cuero tramado y un delicado mo\u00f1o en la puntera, el Cami es ideal para sumar un toque femenino y sofisticado a tus looks. C\u00f3modo, vers\u00e1til y con dise\u00f1o artesanal.<\/p>\n<p><strong>Puntera:<\/strong> En Punta<br \/>\n<strong>Materiales:<\/strong> Cuero tramado<br \/>\n<strong>Colores:<\/strong> Ma\u00edz<br \/>\n<strong>Peso individual:<\/strong> 0.2kg<br \/>\n<strong>Forro interior:<\/strong> Cuero<br \/>\n<strong>Suela:<\/strong> 100% Cuero hecho a mano<br \/>\n<strong>Altura de Taco:<\/strong> 1cm<br \/>\n<strong>Calce:<\/strong> Horma est\u00e1ndar. Sugerimos llevar tu talle habitual.<br \/>\n<strong>Medidas:<\/strong><\/p>\n<p><img fetchpriority=\"high\" decoding=\"async\" class=\"alignnone wp-image-25933 size-large\" src=\"https:\/\/www.leloupshoes.com\/ar\/wp-content\/uploads\/2025\/02\/TALLES-MARY-JANE-ES-1024x150.png\" alt=\"\" width=\"1024\" height=\"150\" \/><\/p>\n<p>&nbsp;<\/p>\n","protected":false},"excerpt":{"rendered":"<p>Cami: Cuero tramado + mo\u00f1o en la puntera = el detalle justo. Femenino, c\u00f3modo y con estilo artesanal.<\/p>\n<p>&nbsp;<\/p>\n","protected":false},"featured_media":100000026940,"comment_status":"open","ping_status":"closed","template":"","meta":[],"product_brand":[],"product_cat":[15],"product_tag":[],"class_list":{"0":"post-26323","1":"product","2":"type-product","3":"status-publish","4":"has-post-thumbnail","6":"product_cat-uncategorized","8":"first","9":"instock","10":"product-type-variable"},"_links":{"self":[{"href":"https:\/\/leloupshoes.com\/us\/wp-json\/wp\/v2\/product\/26323","targetHints":{"allow":["GET"]}}],"collection":[{"href":"https:\/\/leloupshoes.com\/us\/wp-json\/wp\/v2\/product"}],"about":[{"href":"https:\/\/leloupshoes.com\/us\/wp-json\/wp\/v2\/types\/product"}],"replies":[{"embeddable":true,"href":"https:\/\/leloupshoes.com\/us\/wp-json\/wp\/v2\/comments?post=26323"}],"wp:featuredmedia":[{"embeddable":true,"href":"https:\/\/leloupshoes.com\/us\/wp-json\/"}],"wp:attachment":[{"href":"https:\/\/leloupshoes.com\/us\/wp-json\/wp\/v2\/media?parent=26323"}],"wp:term":[{"taxonomy":"product_brand","embeddable":true,"href":"https:\/\/leloupshoes.com\/us\/wp-json\/wp\/v2\/product_brand?post=26323"},{"taxonomy":"product_cat","embeddable":true,"href":"https:\/\/leloupshoes.com\/us\/wp-json\/wp\/v2\/product_cat?post=26323"},{"taxonomy":"product_tag","embeddable":true,"href":"https:\/\/leloupshoes.com\/us\/wp-json\/wp\/v2\/product_tag?post=26323"}],"curies":[{"name":"wp","href":"https:\/\/api.w.org\/{rel}","templated":true}]}}