{"id":26242,"date":"2025-03-31T22:37:06","date_gmt":"2025-04-01T01:37:06","guid":{"rendered":"https:\/\/leloupshoes.com\/ar\/?post_type=product&#038;p=26242"},"modified":"2025-10-14T19:55:11","modified_gmt":"2025-10-14T22:55:11","slug":"kirby-negro","status":"publish","type":"product","link":"https:\/\/leloupshoes.com\/ar\/producto\/kirby-negro\/","title":{"rendered":"Kirby Negro (Dos Apliques)"},"content":{"rendered":"<p style=\"text-align: justify;\">El mocas\u00edn Kirby redefine la versatilidad con sus apliques intercambiables, permiti\u00e9ndote personalizar tu estilo. Su dise\u00f1o elegante y c\u00f3modo se adapta a diferentes ocasiones, mientras que los detalles intercambiables brindan opciones para renovar tu look con facilidad. Un calzado \u00fanico para quienes buscan funcionalidad y distinci\u00f3n.<\/p>\n<p><strong>Puntera:<\/strong> En Punta<\/p>\n<p><strong>Materiales:<\/strong> Cuero | Cuero Gamuzado<\/p>\n<p><strong>Colores:<\/strong> Negro | Aplique I Charol Negro | Aplique II Print Cebra<\/p>\n<p><strong>Peso individual:<\/strong> 0.13kg<\/p>\n<p><strong>Forro interior:<\/strong> Cuero<\/p>\n<p><strong>Suela:<\/strong> 100% Cuero hecho a mano<\/p>\n<p><strong>Altura de Taco:<\/strong> 1,2cm<\/p>\n<p><strong>Calce:<\/strong> Horma est\u00e1ndar. Sugerimos llevar tu talle habitual.<\/p>\n<p><strong>Medidas:<\/p>\n<p><img fetchpriority=\"high\" decoding=\"async\" class=\"alignnone wp-image-25899 size-large\" src=\"https:\/\/leloupshoes.com\/ar\/wp-content\/uploads\/2025\/02\/TALLES-GRUPO-3-ES-1024x151.png\" alt=\"\" width=\"1024\" height=\"151\" srcset=\"https:\/\/www.leloupshoes.com\/ar\/wp-content\/uploads\/2025\/02\/TALLES-GRUPO-3-ES-1024x151.png 1024w, https:\/\/www.leloupshoes.com\/ar\/wp-content\/uploads\/2025\/02\/TALLES-GRUPO-3-ES-600x88.png 600w, https:\/\/www.leloupshoes.com\/ar\/wp-content\/uploads\/2025\/02\/TALLES-GRUPO-3-ES-300x44.png 300w, https:\/\/www.leloupshoes.com\/ar\/wp-content\/uploads\/2025\/02\/TALLES-GRUPO-3-ES-768x113.png 768w, https:\/\/www.leloupshoes.com\/ar\/wp-content\/uploads\/2025\/02\/TALLES-GRUPO-3-ES.png 1169w\" sizes=\"(max-width: 1024px) 100vw, 1024px\" \/><\/p>\n<p><\/strong><\/p>\n","protected":false},"excerpt":{"rendered":"<p>Kirby: con dos apliques intercambiables, combina elegancia y versatilidad, permitiendo personalizar tu estilo con comodidad y distinci\u00f3n.<\/p>\n<p>&nbsp;<\/p>\n","protected":false},"featured_media":26251,"comment_status":"open","ping_status":"closed","template":"","meta":[],"product_brand":[153],"product_cat":[63],"product_tag":[245,224,125,247,246,133,196,145,165,195],"class_list":{"0":"post-26242","1":"product","2":"type-product","3":"status-publish","4":"has-post-thumbnail","6":"product_brand-le-loup","7":"product_cat-mocasines-y-slippers","8":"product_tag-aplique","9":"product_tag-cebra","10":"product_tag-cuero","11":"product_tag-dos-en-uno","12":"product_tag-intercambiable","13":"product_tag-le-loup","14":"product_tag-mocasin","15":"product_tag-negro","16":"product_tag-print","17":"product_tag-slipper","19":"first","20":"instock","21":"sale","22":"purchasable","23":"product-type-variable"},"_links":{"self":[{"href":"https:\/\/leloupshoes.com\/ar\/wp-json\/wp\/v2\/product\/26242","targetHints":{"allow":["GET"]}}],"collection":[{"href":"https:\/\/leloupshoes.com\/ar\/wp-json\/wp\/v2\/product"}],"about":[{"href":"https:\/\/leloupshoes.com\/ar\/wp-json\/wp\/v2\/types\/product"}],"replies":[{"embeddable":true,"href":"https:\/\/leloupshoes.com\/ar\/wp-json\/wp\/v2\/comments?post=26242"}],"wp:featuredmedia":[{"embeddable":true,"href":"https:\/\/leloupshoes.com\/ar\/wp-json\/wp\/v2\/media\/26251"}],"wp:attachment":[{"href":"https:\/\/leloupshoes.com\/ar\/wp-json\/wp\/v2\/media?parent=26242"}],"wp:term":[{"taxonomy":"product_brand","embeddable":true,"href":"https:\/\/leloupshoes.com\/ar\/wp-json\/wp\/v2\/product_brand?post=26242"},{"taxonomy":"product_cat","embeddable":true,"href":"https:\/\/leloupshoes.com\/ar\/wp-json\/wp\/v2\/product_cat?post=26242"},{"taxonomy":"product_tag","embeddable":true,"href":"https:\/\/leloupshoes.com\/ar\/wp-json\/wp\/v2\/product_tag?post=26242"}],"curies":[{"name":"wp","href":"https:\/\/api.w.org\/{rel}","templated":true}]}}