{"id":26007,"date":"2025-03-20T13:30:30","date_gmt":"2025-03-20T16:30:30","guid":{"rendered":"https:\/\/leloupshoes.com\/ar\/?post_type=product&#038;p=26007"},"modified":"2025-12-18T21:13:49","modified_gmt":"2025-12-19T00:13:49","slug":"new-penny-azul","status":"publish","type":"product","link":"https:\/\/leloupshoes.com\/ar\/producto\/new-penny-azul\/","title":{"rendered":"New Penny Azul"},"content":{"rendered":"<p style=\"text-align: justify;\">La Bota Penny est\u00e1 hecha en cuero gamuzado de alta calidad, con el\u00e1sticos laterales para un ajuste c\u00f3modo y f\u00e1cil de poner. Su suela de crepe ofrece aislamiento y comodidad, proporcionando tracci\u00f3n y amortiguaci\u00f3n en cada paso. Ideal para cualquier ocasi\u00f3n, combina estilo y funcionalidad.<\/p>\n<p><strong>Puntera:<\/strong> Redonda<\/p>\n<p><strong>Materiales:<\/strong> Cuero<\/p>\n<p><strong>Colores:<\/strong> Azul<\/p>\n<p><strong>Peso individual:<\/strong> 0.2kg<\/p>\n<p><strong>Forro interior:<\/strong> Cuero<\/p>\n<p><strong>Suela:<\/strong> Crepe<\/p>\n<p><strong>Altura de Taco:<\/strong> 2cm<\/p>\n<p><strong>Calce:<\/strong> Horma est\u00e1ndar. Sugerimos llevar tu talle habitual.<\/p>\n<p><strong>Medidas:<\/strong><\/p>\n<p><img fetchpriority=\"high\" decoding=\"async\" class=\"alignnone wp-image-26006 size-large\" src=\"https:\/\/leloupshoes.com\/ar\/wp-content\/uploads\/2025\/03\/TALLES-PENNY-ES-1024x149.png\" alt=\"\" width=\"1024\" height=\"149\" srcset=\"https:\/\/www.leloupshoes.com\/ar\/wp-content\/uploads\/2025\/03\/TALLES-PENNY-ES-1024x149.png 1024w, https:\/\/www.leloupshoes.com\/ar\/wp-content\/uploads\/2025\/03\/TALLES-PENNY-ES-600x87.png 600w, https:\/\/www.leloupshoes.com\/ar\/wp-content\/uploads\/2025\/03\/TALLES-PENNY-ES-300x44.png 300w, https:\/\/www.leloupshoes.com\/ar\/wp-content\/uploads\/2025\/03\/TALLES-PENNY-ES-768x112.png 768w, https:\/\/www.leloupshoes.com\/ar\/wp-content\/uploads\/2025\/03\/TALLES-PENNY-ES.png 1169w\" sizes=\"(max-width: 1024px) 100vw, 1024px\" \/><\/p>\n<p>&nbsp;<\/p>\n","protected":false},"excerpt":{"rendered":"<p>Penny: bota de cuero gamuzado con el\u00e1sticos laterales y suela de crepe aislante, que brinda comodidad, estilo y tracci\u00f3n.<\/p>\n<p>&nbsp;<\/p>\n","protected":false},"featured_media":26032,"comment_status":"open","ping_status":"closed","template":"","meta":[],"product_brand":[153],"product_cat":[59,58],"product_tag":[139,213,236,237,125,167,238,133,177],"class_list":{"0":"post-26007","1":"product","2":"type-product","3":"status-publish","4":"has-post-thumbnail","6":"product_brand-le-loup","7":"product_cat-botas","8":"product_cat-sale","9":"product_tag-azul","10":"product_tag-bota","11":"product_tag-clasica","12":"product_tag-cuela-crepe","13":"product_tag-cuero","14":"product_tag-elastico","15":"product_tag-gamuzado","16":"product_tag-le-loup","17":"product_tag-taco","19":"first","20":"instock","21":"sale","22":"purchasable","23":"product-type-variable"},"_links":{"self":[{"href":"https:\/\/leloupshoes.com\/ar\/wp-json\/wp\/v2\/product\/26007","targetHints":{"allow":["GET"]}}],"collection":[{"href":"https:\/\/leloupshoes.com\/ar\/wp-json\/wp\/v2\/product"}],"about":[{"href":"https:\/\/leloupshoes.com\/ar\/wp-json\/wp\/v2\/types\/product"}],"replies":[{"embeddable":true,"href":"https:\/\/leloupshoes.com\/ar\/wp-json\/wp\/v2\/comments?post=26007"}],"wp:featuredmedia":[{"embeddable":true,"href":"https:\/\/leloupshoes.com\/ar\/wp-json\/wp\/v2\/media\/26032"}],"wp:attachment":[{"href":"https:\/\/leloupshoes.com\/ar\/wp-json\/wp\/v2\/media?parent=26007"}],"wp:term":[{"taxonomy":"product_brand","embeddable":true,"href":"https:\/\/leloupshoes.com\/ar\/wp-json\/wp\/v2\/product_brand?post=26007"},{"taxonomy":"product_cat","embeddable":true,"href":"https:\/\/leloupshoes.com\/ar\/wp-json\/wp\/v2\/product_cat?post=26007"},{"taxonomy":"product_tag","embeddable":true,"href":"https:\/\/leloupshoes.com\/ar\/wp-json\/wp\/v2\/product_tag?post=26007"}],"curies":[{"name":"wp","href":"https:\/\/api.w.org\/{rel}","templated":true}]}}