{"id":25988,"date":"2025-03-20T13:01:46","date_gmt":"2025-03-20T16:01:46","guid":{"rendered":"https:\/\/leloupshoes.com\/ar\/?post_type=product&#038;p=25988"},"modified":"2026-02-06T10:53:43","modified_gmt":"2026-02-06T13:53:43","slug":"donna-brixton-pelo-print","status":"publish","type":"product","link":"https:\/\/leloupshoes.com\/ar\/producto\/donna-brixton-pelo-print\/","title":{"rendered":"Donna Brixton Pelo Print"},"content":{"rendered":"<p style=\"text-align: justify;\">Estilo, comodidad y sujeci\u00f3n en cada paso. Su dise\u00f1o \u00fanico ofrece un ajuste perfecto y libertad de movimiento, \u00a1ideal para un look c\u00f3modo y elegante!<\/p>\n<p><strong>Puntera:<\/strong> Cuadrada<\/p>\n<p><strong>Materiales:<\/strong> Cuero Pelo<\/p>\n<p><strong>Colores:<\/strong> Animal Print | Negro<\/p>\n<p><strong>Peso individual:<\/strong> 0.12kg<\/p>\n<p><strong>Forro interior:<\/strong> Cuero.<\/p>\n<p><strong>Suela:<\/strong> 100% Cuero hecho a mano<\/p>\n<p><strong>Altura de Taco:<\/strong> 1cm<\/p>\n<p><strong>Calce:<\/strong> Horma est\u00e1ndar. Sugerimos llevar tu talle habitual.<\/p>\n<p><strong>Medidas:<\/strong><\/p>\n<p><img fetchpriority=\"high\" decoding=\"async\" class=\"alignnone wp-image-25870 size-large\" src=\"https:\/\/leloupshoes.com\/ar\/wp-content\/uploads\/2025\/02\/TALLES-GRUPO-2-ES-1024x135.png\" alt=\"\" width=\"1024\" height=\"135\" srcset=\"https:\/\/www.leloupshoes.com\/ar\/wp-content\/uploads\/2025\/02\/TALLES-GRUPO-2-ES-1024x135.png 1024w, https:\/\/www.leloupshoes.com\/ar\/wp-content\/uploads\/2025\/02\/TALLES-GRUPO-2-ES-600x79.png 600w, https:\/\/www.leloupshoes.com\/ar\/wp-content\/uploads\/2025\/02\/TALLES-GRUPO-2-ES-300x40.png 300w, https:\/\/www.leloupshoes.com\/ar\/wp-content\/uploads\/2025\/02\/TALLES-GRUPO-2-ES-768x101.png 768w, https:\/\/www.leloupshoes.com\/ar\/wp-content\/uploads\/2025\/02\/TALLES-GRUPO-2-ES.png 1295w\" sizes=\"(max-width: 1024px) 100vw, 1024px\" \/><\/p>\n<p>&nbsp;<\/p>\n","protected":false},"excerpt":{"rendered":"<p>Donna Brixton: estilo, comodidad y un ajuste perfecto que te da libertad de movimiento en cada paso.<\/p>\n<p>&nbsp;<\/p>\n","protected":false},"featured_media":26055,"comment_status":"open","ping_status":"closed","template":"","meta":[],"product_brand":[153],"product_cat":[57,130,58],"product_tag":[206,132,235,125,163,133,145,225,154,162],"class_list":{"0":"post-25988","1":"product","2":"type-product","3":"status-publish","4":"has-post-thumbnail","6":"product_brand-le-loup","7":"product_cat-ballerinas","8":"product_cat-puntera-cuadrada","9":"product_cat-sale","10":"product_tag-animal-print","11":"product_tag-ballerina","12":"product_tag-brixton","13":"product_tag-cuero","14":"product_tag-hebilla","15":"product_tag-le-loup","16":"product_tag-negro","17":"product_tag-pelo","18":"product_tag-punta-cuadrada","19":"product_tag-tiras","21":"first","22":"instock","23":"sale","24":"featured","25":"purchasable","26":"product-type-variable"},"_links":{"self":[{"href":"https:\/\/leloupshoes.com\/ar\/wp-json\/wp\/v2\/product\/25988","targetHints":{"allow":["GET"]}}],"collection":[{"href":"https:\/\/leloupshoes.com\/ar\/wp-json\/wp\/v2\/product"}],"about":[{"href":"https:\/\/leloupshoes.com\/ar\/wp-json\/wp\/v2\/types\/product"}],"replies":[{"embeddable":true,"href":"https:\/\/leloupshoes.com\/ar\/wp-json\/wp\/v2\/comments?post=25988"}],"wp:featuredmedia":[{"embeddable":true,"href":"https:\/\/leloupshoes.com\/ar\/wp-json\/wp\/v2\/media\/26055"}],"wp:attachment":[{"href":"https:\/\/leloupshoes.com\/ar\/wp-json\/wp\/v2\/media?parent=25988"}],"wp:term":[{"taxonomy":"product_brand","embeddable":true,"href":"https:\/\/leloupshoes.com\/ar\/wp-json\/wp\/v2\/product_brand?post=25988"},{"taxonomy":"product_cat","embeddable":true,"href":"https:\/\/leloupshoes.com\/ar\/wp-json\/wp\/v2\/product_cat?post=25988"},{"taxonomy":"product_tag","embeddable":true,"href":"https:\/\/leloupshoes.com\/ar\/wp-json\/wp\/v2\/product_tag?post=25988"}],"curies":[{"name":"wp","href":"https:\/\/api.w.org\/{rel}","templated":true}]}}