{"id":25970,"date":"2025-03-20T12:16:16","date_gmt":"2025-03-20T15:16:16","guid":{"rendered":"https:\/\/leloupshoes.com\/ar\/?post_type=product&#038;p=25970"},"modified":"2025-10-12T20:16:45","modified_gmt":"2025-10-12T23:16:45","slug":"carter-negro","status":"publish","type":"product","link":"https:\/\/leloupshoes.com\/ar\/producto\/carter-negro\/","title":{"rendered":"Carter Negro"},"content":{"rendered":"<p style=\"text-align: justify;\">La mezcla perfecta entre elegancia y confort. Este taco abotinado te permite caminar con seguridad y estilo, ofreciendo un dise\u00f1o moderno y sofisticado que resalta en cualquier ocasi\u00f3n. Ya sea para una noche especial o una jornada de trabajo, el Carter se adapta a tu ritmo, manteni\u00e9ndote siempre a la moda sin sacrificar comodidad.<\/p>\n<p><strong>Puntera:<\/strong> En punta<\/p>\n<p><strong>Materiales:<\/strong> Cuero gamuzado<\/p>\n<p><strong>Colores:<\/strong> Negro<\/p>\n<p><strong>Peso individual:<\/strong> 0.15kg<\/p>\n<p><strong>Forro interior:<\/strong> Cuero<\/p>\n<p><strong>Suela:<\/strong> 100% Cuero hecho a mano<\/p>\n<p><strong>Altura de Taco:<\/strong> 7,5cm<\/p>\n<p><strong>Calce:<\/strong> Horma est\u00e1ndar. Sugerimos llevar tu talle habitual.<\/p>\n<p><strong>Medidas:<\/strong><\/p>\n<p><img fetchpriority=\"high\" decoding=\"async\" class=\"alignnone wp-image-25940 size-large\" src=\"https:\/\/leloupshoes.com\/ar\/wp-content\/uploads\/2025\/02\/TALLES-CARTER-ES-1024x150.png\" alt=\"\" width=\"1024\" height=\"150\" srcset=\"https:\/\/www.leloupshoes.com\/ar\/wp-content\/uploads\/2025\/02\/TALLES-CARTER-ES-1024x150.png 1024w, https:\/\/www.leloupshoes.com\/ar\/wp-content\/uploads\/2025\/02\/TALLES-CARTER-ES-600x88.png 600w, https:\/\/www.leloupshoes.com\/ar\/wp-content\/uploads\/2025\/02\/TALLES-CARTER-ES-300x44.png 300w, https:\/\/www.leloupshoes.com\/ar\/wp-content\/uploads\/2025\/02\/TALLES-CARTER-ES-768x112.png 768w, https:\/\/www.leloupshoes.com\/ar\/wp-content\/uploads\/2025\/02\/TALLES-CARTER-ES.png 1168w\" sizes=\"(max-width: 1024px) 100vw, 1024px\" \/><\/p>\n<p>&nbsp;<\/p>\n","protected":false},"excerpt":{"rendered":"<p>Carter: elegancia y confort en cada paso. Perfecto para cualquier ocasi\u00f3n, el Carter combina estilo sofisticado con la comodidad que necesitas para moverte con seguridad.<\/p>\n<p>&nbsp;<\/p>\n","protected":false},"featured_media":26059,"comment_status":"open","ping_status":"closed","template":"","meta":[],"product_brand":[153],"product_cat":[59,60],"product_tag":[234,213,233,175,125,148,133,145,177,214],"class_list":{"0":"post-25970","1":"product","2":"type-product","3":"status-publish","4":"has-post-thumbnail","6":"product_brand-le-loup","7":"product_cat-botas","8":"product_cat-tacos","9":"product_tag-atemporal","10":"product_tag-bota","11":"product_tag-carter","12":"product_tag-clasico","13":"product_tag-cuero","14":"product_tag-gamuza","15":"product_tag-le-loup","16":"product_tag-negro","17":"product_tag-taco","18":"product_tag-taco-abotinado","20":"first","21":"instock","22":"sale","23":"featured","24":"purchasable","25":"product-type-variable"},"_links":{"self":[{"href":"https:\/\/leloupshoes.com\/ar\/wp-json\/wp\/v2\/product\/25970","targetHints":{"allow":["GET"]}}],"collection":[{"href":"https:\/\/leloupshoes.com\/ar\/wp-json\/wp\/v2\/product"}],"about":[{"href":"https:\/\/leloupshoes.com\/ar\/wp-json\/wp\/v2\/types\/product"}],"replies":[{"embeddable":true,"href":"https:\/\/leloupshoes.com\/ar\/wp-json\/wp\/v2\/comments?post=25970"}],"wp:featuredmedia":[{"embeddable":true,"href":"https:\/\/leloupshoes.com\/ar\/wp-json\/wp\/v2\/media\/26059"}],"wp:attachment":[{"href":"https:\/\/leloupshoes.com\/ar\/wp-json\/wp\/v2\/media?parent=25970"}],"wp:term":[{"taxonomy":"product_brand","embeddable":true,"href":"https:\/\/leloupshoes.com\/ar\/wp-json\/wp\/v2\/product_brand?post=25970"},{"taxonomy":"product_cat","embeddable":true,"href":"https:\/\/leloupshoes.com\/ar\/wp-json\/wp\/v2\/product_cat?post=25970"},{"taxonomy":"product_tag","embeddable":true,"href":"https:\/\/leloupshoes.com\/ar\/wp-json\/wp\/v2\/product_tag?post=25970"}],"curies":[{"name":"wp","href":"https:\/\/api.w.org\/{rel}","templated":true}]}}