{"id":25582,"date":"2025-03-05T22:54:59","date_gmt":"2025-03-06T01:54:59","guid":{"rendered":"https:\/\/leloupshoes.com\/ar\/?post_type=product&#038;p=25582"},"modified":"2025-12-12T11:33:53","modified_gmt":"2025-12-12T14:33:53","slug":"kate-oliva","status":"publish","type":"product","link":"https:\/\/leloupshoes.com\/ar\/producto\/kate-oliva\/","title":{"rendered":"Kate Oliva"},"content":{"rendered":"<p style=\"text-align: justify;\">Con su puntera abierta, la ballerina &#8220;Kate&#8221; combina la elegancia de la danza y la frescura del dise\u00f1o moderno. Hecha a mano en cuero de alta calidad, ofrece un ajuste perfecto y m\u00e1xima comodidad para el d\u00eda a d\u00eda. Ideal para quienes buscan un calzado vers\u00e1til y sofisticado que se adapta a cualquier ocasi\u00f3n, manteniendo siempre un toque de gracia y libertad.<\/p>\n<p><strong>Puntera:<\/strong> Cuadrada abierta<\/p>\n<p><strong>Materiales:<\/strong> Cuero<\/p>\n<p><strong>Colores:<\/strong> Verde Oliva<\/p>\n<p><strong>Peso individual:<\/strong> 0.11kg<\/p>\n<p><strong>Forro interior:<\/strong> Cuero<\/p>\n<p><strong>Suela:<\/strong> 100% Cuero hecho a mano<\/p>\n<p><strong>Altura de Taco:<\/strong> 1cm<\/p>\n<p><strong>Calce:<\/strong> Horma est\u00e1ndar. Sugerimos llevar tu talle habitual.<\/p>\n<p><strong>Medidas:<\/strong><\/p>\n<p><img fetchpriority=\"high\" decoding=\"async\" class=\"alignnone wp-image-25936 size-large\" src=\"https:\/\/leloupshoes.com\/ar\/wp-content\/uploads\/2025\/03\/TALLES-KATE-ES-1024x150.png\" alt=\"\" width=\"1024\" height=\"150\" srcset=\"https:\/\/www.leloupshoes.com\/ar\/wp-content\/uploads\/2025\/03\/TALLES-KATE-ES-1024x150.png 1024w, https:\/\/www.leloupshoes.com\/ar\/wp-content\/uploads\/2025\/03\/TALLES-KATE-ES-600x88.png 600w, https:\/\/www.leloupshoes.com\/ar\/wp-content\/uploads\/2025\/03\/TALLES-KATE-ES-300x44.png 300w, https:\/\/www.leloupshoes.com\/ar\/wp-content\/uploads\/2025\/03\/TALLES-KATE-ES-768x112.png 768w, https:\/\/www.leloupshoes.com\/ar\/wp-content\/uploads\/2025\/03\/TALLES-KATE-ES.png 1170w\" sizes=\"(max-width: 1024px) 100vw, 1024px\" \/><\/p>\n<p>&nbsp;<\/p>\n","protected":false},"excerpt":{"rendered":"<p>Kate: confort y elegancia en cada paso, ideales para cualquier ocasi\u00f3n, fusionando la gracia de la danza con la libertad de moverte con estilo.<\/p>\n","protected":false},"featured_media":25591,"comment_status":"open","ping_status":"closed","template":"","meta":[],"product_brand":[153],"product_cat":[57,130,58],"product_tag":[132,135,125,133,164,215,176,144],"class_list":{"0":"post-25582","1":"product","2":"type-product","3":"status-publish","4":"has-post-thumbnail","6":"product_brand-le-loup","7":"product_cat-ballerinas","8":"product_cat-puntera-cuadrada","9":"product_cat-sale","10":"product_tag-ballerina","11":"product_tag-brillo","12":"product_tag-cuero","13":"product_tag-le-loup","14":"product_tag-oliva","15":"product_tag-punta-abierta","16":"product_tag-sandalia","17":"product_tag-verde","19":"first","20":"instock","21":"sale","22":"purchasable","23":"product-type-variable"},"_links":{"self":[{"href":"https:\/\/leloupshoes.com\/ar\/wp-json\/wp\/v2\/product\/25582","targetHints":{"allow":["GET"]}}],"collection":[{"href":"https:\/\/leloupshoes.com\/ar\/wp-json\/wp\/v2\/product"}],"about":[{"href":"https:\/\/leloupshoes.com\/ar\/wp-json\/wp\/v2\/types\/product"}],"replies":[{"embeddable":true,"href":"https:\/\/leloupshoes.com\/ar\/wp-json\/wp\/v2\/comments?post=25582"}],"wp:featuredmedia":[{"embeddable":true,"href":"https:\/\/leloupshoes.com\/ar\/wp-json\/wp\/v2\/media\/25591"}],"wp:attachment":[{"href":"https:\/\/leloupshoes.com\/ar\/wp-json\/wp\/v2\/media?parent=25582"}],"wp:term":[{"taxonomy":"product_brand","embeddable":true,"href":"https:\/\/leloupshoes.com\/ar\/wp-json\/wp\/v2\/product_brand?post=25582"},{"taxonomy":"product_cat","embeddable":true,"href":"https:\/\/leloupshoes.com\/ar\/wp-json\/wp\/v2\/product_cat?post=25582"},{"taxonomy":"product_tag","embeddable":true,"href":"https:\/\/leloupshoes.com\/ar\/wp-json\/wp\/v2\/product_tag?post=25582"}],"curies":[{"name":"wp","href":"https:\/\/api.w.org\/{rel}","templated":true}]}}