{"id":25495,"date":"2025-02-28T12:18:06","date_gmt":"2025-02-28T15:18:06","guid":{"rendered":"https:\/\/leloupshoes.com\/ar\/?post_type=product&#038;p=25495"},"modified":"2025-10-14T19:41:09","modified_gmt":"2025-10-14T22:41:09","slug":"celine-rosa-coral","status":"publish","type":"product","link":"https:\/\/leloupshoes.com\/ar\/producto\/celine-rosa-coral\/","title":{"rendered":"Celine Rosa &#038; Coral"},"content":{"rendered":"<p style=\"text-align: justify;\">Elegancia en su m\u00e1xima expresi\u00f3n. Estas ballerinas con un mo\u00f1o que recubre la puntera ofrecen un toque sofisticado y delicado, brindando comodidad y estilo en cada paso.<\/p>\n<p><strong>Puntera:<\/strong> Redonda<\/p>\n<p><strong>Materiales:<\/strong> Cuero<\/p>\n<p><strong>Colores:<\/strong> Rosa | Coral<\/p>\n<p><strong>Peso individual:<\/strong> 0.12kg<\/p>\n<p><strong>Forro interior:<\/strong> Cuero<\/p>\n<p><strong>Suela:<\/strong> 100% Cuero hecho a mano<\/p>\n<p><strong>Altura de Taco:<\/strong> 1cm<\/p>\n<p><strong>Calce:<\/strong> Horma est\u00e1ndar. Sugerimos llevar tu talle habitual.<\/p>\n<p><strong>Medidas:<\/strong><\/p>\n<p><img fetchpriority=\"high\" decoding=\"async\" class=\"alignnone wp-image-25899 size-large\" src=\"https:\/\/leloupshoes.com\/ar\/wp-content\/uploads\/2025\/02\/TALLES-GRUPO-3-ES-1024x151.png\" alt=\"\" width=\"1024\" height=\"151\" srcset=\"https:\/\/www.leloupshoes.com\/ar\/wp-content\/uploads\/2025\/02\/TALLES-GRUPO-3-ES-1024x151.png 1024w, https:\/\/www.leloupshoes.com\/ar\/wp-content\/uploads\/2025\/02\/TALLES-GRUPO-3-ES-600x88.png 600w, https:\/\/www.leloupshoes.com\/ar\/wp-content\/uploads\/2025\/02\/TALLES-GRUPO-3-ES-300x44.png 300w, https:\/\/www.leloupshoes.com\/ar\/wp-content\/uploads\/2025\/02\/TALLES-GRUPO-3-ES-768x113.png 768w, https:\/\/www.leloupshoes.com\/ar\/wp-content\/uploads\/2025\/02\/TALLES-GRUPO-3-ES.png 1169w\" sizes=\"(max-width: 1024px) 100vw, 1024px\" \/><\/p>\n<p>&nbsp;<\/p>\n","protected":false},"excerpt":{"rendered":"<p>Celine: ballerinas con mo\u00f1o en la puntera, combinando elegancia y comodidad en cada paso.<\/p>\n<p>&nbsp;<\/p>\n","protected":false},"featured_media":25504,"comment_status":"open","ping_status":"closed","template":"","meta":[],"product_brand":[153],"product_cat":[57,129,58],"product_tag":[132,175,210,125,133,208,169,137,205],"class_list":{"0":"post-25495","1":"product","2":"type-product","3":"status-publish","4":"has-post-thumbnail","6":"product_brand-le-loup","7":"product_cat-ballerinas","8":"product_cat-puntera-redonda","9":"product_cat-sale","10":"product_tag-ballerina","11":"product_tag-clasico","12":"product_tag-coral","13":"product_tag-cuero","14":"product_tag-le-loup","15":"product_tag-metalizado","16":"product_tag-mono","17":"product_tag-rosa","18":"product_tag-tramado","20":"first","21":"instock","22":"sale","23":"purchasable","24":"product-type-variable"},"_links":{"self":[{"href":"https:\/\/leloupshoes.com\/ar\/wp-json\/wp\/v2\/product\/25495","targetHints":{"allow":["GET"]}}],"collection":[{"href":"https:\/\/leloupshoes.com\/ar\/wp-json\/wp\/v2\/product"}],"about":[{"href":"https:\/\/leloupshoes.com\/ar\/wp-json\/wp\/v2\/types\/product"}],"replies":[{"embeddable":true,"href":"https:\/\/leloupshoes.com\/ar\/wp-json\/wp\/v2\/comments?post=25495"}],"wp:featuredmedia":[{"embeddable":true,"href":"https:\/\/leloupshoes.com\/ar\/wp-json\/wp\/v2\/media\/25504"}],"wp:attachment":[{"href":"https:\/\/leloupshoes.com\/ar\/wp-json\/wp\/v2\/media?parent=25495"}],"wp:term":[{"taxonomy":"product_brand","embeddable":true,"href":"https:\/\/leloupshoes.com\/ar\/wp-json\/wp\/v2\/product_brand?post=25495"},{"taxonomy":"product_cat","embeddable":true,"href":"https:\/\/leloupshoes.com\/ar\/wp-json\/wp\/v2\/product_cat?post=25495"},{"taxonomy":"product_tag","embeddable":true,"href":"https:\/\/leloupshoes.com\/ar\/wp-json\/wp\/v2\/product_tag?post=25495"}],"curies":[{"name":"wp","href":"https:\/\/api.w.org\/{rel}","templated":true}]}}