{"id":25019,"date":"2025-02-26T18:25:18","date_gmt":"2025-02-26T21:25:18","guid":{"rendered":"https:\/\/leloupshoes.com\/ar\/?post_type=product&#038;p=25019"},"modified":"2026-03-15T19:32:05","modified_gmt":"2026-03-15T22:32:05","slug":"moon-platino","status":"publish","type":"product","link":"https:\/\/leloupshoes.com\/ar\/producto\/moon-platino\/","title":{"rendered":"Moon Platino"},"content":{"rendered":"<p style=\"text-align: justify;\">La elegancia del brillo en cada paso. Con su acabado platino, estas ballerinas combinan sofisticaci\u00f3n y comodidad, a\u00f1adiendo un toque de luz y distinci\u00f3n a tu look. Perfectas para quienes buscan un calzado que resalte con estilo, sin sacrificar confort.<\/p>\n<p><strong>Puntera:<\/strong> Redonda<\/p>\n<p><strong>Materiales:<\/strong> Cuero<\/p>\n<p><strong>Colores:<\/strong> Platino<\/p>\n<p><strong>Peso individual:<\/strong> 0.1kg<\/p>\n<p><strong>Forro interior:<\/strong> Cuero<\/p>\n<p><strong>Suela:<\/strong> 100% Cuero hecho a mano<\/p>\n<p><strong>Altura de Taco:<\/strong> 1cm<\/p>\n<p><strong>Calce:<\/strong> Horma est\u00e1ndar. Sugerimos llevar tu talle habitual.<\/p>\n<p><strong>Medidas:<\/strong><\/p>\n<p><img fetchpriority=\"high\" decoding=\"async\" class=\"alignnone wp-image-25861 size-large\" src=\"https:\/\/leloupshoes.com\/ar\/wp-content\/uploads\/2025\/02\/TALLES-GRUPO-1-ES-1024x135.png\" alt=\"\" width=\"1024\" height=\"135\" srcset=\"https:\/\/www.leloupshoes.com\/ar\/wp-content\/uploads\/2025\/02\/TALLES-GRUPO-1-ES-1024x135.png 1024w, https:\/\/www.leloupshoes.com\/ar\/wp-content\/uploads\/2025\/02\/TALLES-GRUPO-1-ES-600x79.png 600w, https:\/\/www.leloupshoes.com\/ar\/wp-content\/uploads\/2025\/02\/TALLES-GRUPO-1-ES-300x40.png 300w, https:\/\/www.leloupshoes.com\/ar\/wp-content\/uploads\/2025\/02\/TALLES-GRUPO-1-ES-768x101.png 768w, https:\/\/www.leloupshoes.com\/ar\/wp-content\/uploads\/2025\/02\/TALLES-GRUPO-1-ES.png 1295w\" sizes=\"(max-width: 1024px) 100vw, 1024px\" \/><\/p>\n<p>&nbsp;<\/p>\n","protected":false},"excerpt":{"rendered":"<p>Moon Platino: elegancia y brillo en cada paso. Con su acabado platino, estas ballerinas combinan sofisticaci\u00f3n y comodidad.<\/p>\n<p>&nbsp;<\/p>\n","protected":false},"featured_media":25028,"comment_status":"open","ping_status":"closed","template":"","meta":[],"product_brand":[153],"product_cat":[57,129],"product_tag":[132,135,125,134,133,174,173,172],"class_list":{"0":"post-25019","1":"product","2":"type-product","3":"status-publish","4":"has-post-thumbnail","6":"product_brand-le-loup","7":"product_cat-ballerinas","8":"product_cat-puntera-redonda","9":"product_tag-ballerina","10":"product_tag-brillo","11":"product_tag-cuero","12":"product_tag-glitter","13":"product_tag-le-loup","14":"product_tag-peltre","15":"product_tag-plata","16":"product_tag-platino","18":"first","19":"instock","20":"sale","21":"purchasable","22":"product-type-variable"},"_links":{"self":[{"href":"https:\/\/leloupshoes.com\/ar\/wp-json\/wp\/v2\/product\/25019","targetHints":{"allow":["GET"]}}],"collection":[{"href":"https:\/\/leloupshoes.com\/ar\/wp-json\/wp\/v2\/product"}],"about":[{"href":"https:\/\/leloupshoes.com\/ar\/wp-json\/wp\/v2\/types\/product"}],"replies":[{"embeddable":true,"href":"https:\/\/leloupshoes.com\/ar\/wp-json\/wp\/v2\/comments?post=25019"}],"wp:featuredmedia":[{"embeddable":true,"href":"https:\/\/leloupshoes.com\/ar\/wp-json\/wp\/v2\/media\/25028"}],"wp:attachment":[{"href":"https:\/\/leloupshoes.com\/ar\/wp-json\/wp\/v2\/media?parent=25019"}],"wp:term":[{"taxonomy":"product_brand","embeddable":true,"href":"https:\/\/leloupshoes.com\/ar\/wp-json\/wp\/v2\/product_brand?post=25019"},{"taxonomy":"product_cat","embeddable":true,"href":"https:\/\/leloupshoes.com\/ar\/wp-json\/wp\/v2\/product_cat?post=25019"},{"taxonomy":"product_tag","embeddable":true,"href":"https:\/\/leloupshoes.com\/ar\/wp-json\/wp\/v2\/product_tag?post=25019"}],"curies":[{"name":"wp","href":"https:\/\/api.w.org\/{rel}","templated":true}]}}