{"id":5811,"date":"2024-06-08T23:45:59","date_gmt":"2024-06-09T02:45:59","guid":{"rendered":"https:\/\/leloupshoes.com\/ar\/?page_id=5811"},"modified":"2024-10-09T16:47:50","modified_gmt":"2024-10-09T19:47:50","slug":"faq","status":"publish","type":"page","link":"https:\/\/leloupshoes.com\/ar\/faq\/","title":{"rendered":"FAQ"},"content":{"rendered":"\t\t<div data-elementor-type=\"wp-page\" data-elementor-id=\"5811\" class=\"elementor elementor-5811\" data-elementor-post-type=\"page\">\n\t\t\t\t\t\t<div class=\"elementor-section elementor-top-section elementor-element elementor-element-1371b03 elementor-section-boxed elementor-section-height-default elementor-section-height-default\" data-id=\"1371b03\" data-element_type=\"section\" data-e-type=\"section\" data-settings=\"{&quot;background_background&quot;:&quot;classic&quot;}\">\n\t\t\t\t\t\t<div class=\"elementor-container elementor-column-gap-default\">\n\t\t\t\t\t<div class=\"elementor-column elementor-col-100 elementor-top-column elementor-element elementor-element-1cc3a18\" data-id=\"1cc3a18\" data-element_type=\"column\" data-e-type=\"column\">\n\t\t\t<div class=\"elementor-widget-wrap elementor-element-populated\">\n\t\t\t\t\t\t<div class=\"elementor-element elementor-element-be822b6 elementor-widget elementor-widget-spacer\" data-id=\"be822b6\" data-element_type=\"widget\" data-e-type=\"widget\" data-widget_type=\"spacer.default\">\n\t\t\t\t<div class=\"elementor-widget-container\">\n\t\t\t\t\t\t\t<div class=\"elementor-spacer\">\n\t\t\t<div class=\"elementor-spacer-inner\"><\/div>\n\t\t<\/div>\n\t\t\t\t\t\t<\/div>\n\t\t\t\t<\/div>\n\t\t\t\t\t<\/div>\n\t\t<\/div>\n\t\t\t\t\t<\/div>\n\t\t<\/div>\n\t\t\t\t<div class=\"elementor-section elementor-top-section elementor-element elementor-element-3b5f1e4 elementor-section-boxed elementor-section-height-default elementor-section-height-default\" data-id=\"3b5f1e4\" data-element_type=\"section\" data-e-type=\"section\" data-settings=\"{&quot;background_background&quot;:&quot;classic&quot;}\">\n\t\t\t\t\t\t<div class=\"elementor-container elementor-column-gap-wide\">\n\t\t\t\t\t<div class=\"elementor-column elementor-col-33 elementor-top-column elementor-element elementor-element-a6c38dd\" data-id=\"a6c38dd\" data-element_type=\"column\" data-e-type=\"column\">\n\t\t\t<div class=\"elementor-widget-wrap elementor-element-populated\">\n\t\t\t\t\t\t<div class=\"elementor-element elementor-element-c7c91c1 elementor-view-default elementor-position-block-start elementor-mobile-position-block-start elementor-widget elementor-widget-icon-box\" data-id=\"c7c91c1\" data-element_type=\"widget\" data-e-type=\"widget\" data-widget_type=\"icon-box.default\">\n\t\t\t\t<div class=\"elementor-widget-container\">\n\t\t\t\t\t\t\t<div class=\"elementor-icon-box-wrapper\">\n\n\t\t\t\t\t\t<div class=\"elementor-icon-box-icon\">\n\t\t\t\t<a href=\"https:\/\/leloupshoes.com\/ar\/envios-y-devoluciones\/\" class=\"elementor-icon\" tabindex=\"-1\" aria-label=\"Seguimiento de pedidos\">\n\t\t\t\t<svg xmlns=\"http:\/\/www.w3.org\/2000\/svg\" id=\"Capa_2\" viewBox=\"0 0 224 224\"><defs><style>      .cls-1 {        fill: #a01b29;      }      .cls-2 {        fill: #fff;      }      .cls-3 {        fill: none;        stroke: #333;        stroke-miterlimit: 10;        stroke-width: 4px;      }      .cls-4 {        fill: #333;      }    <\/style><\/defs><g id=\"Capa_1-2\" data-name=\"Capa_1\"><g><circle class=\"cls-3\" cx=\"112\" cy=\"112\" r=\"110\"><\/circle><g><g><path class=\"cls-1\" d=\"M74.05,104.49h0s4,6.02,4,6.02l4.12-6.2h0s0,0,0,0h0s0,0,0,0h0s0-.01,0-.01h0s0,0,0,0c.31-.45.77-.78,1.29-.94h.01s0,0,0,0h0s0,0,0,0h0s.01,0,.01,0h.01s0,0,0,0h.02s.01,0,.01,0h0s.02,0,.02,0h0s0,0,0,0h0s0,0,0,0c14.32-3.35,23.2-17.67,19.85-31.99-2.8-11.95-13.41-20.44-25.68-20.55-33.45.87-34.99,46.96-5.25,52.73h0s0,0,0,0c.33.08.65.22.92.43h0s0,0,0,0h0s0,0,0,0h0s0,0,0,0h0s0,0,0,0h0s0,0,0,0h0s0,0,0,0h0s0,0,0,0h0s0,0,0,0h0s0,0,0,0h0s0,0,0,0h0s0,0,0,0h0s0,0,0,0h0s0,0,0,0h0s0,0,0,0h0s0,0,0,0h0s.04.04.04.04h0s0,.01,0,.01h0s0,0,0,0h0s0,0,0,0h0s0,0,0,0h0s0,0,0,0h0s0,0,0,0h0s0,0,0,0h0s0,0,0,0h0s0,0,0,0h0s0,0,0,0h0s0,0,0,0h0s0,0,0,0h0s0,.01,0,.01h0s0,0,0,0h0s0,0,0,0h0s0,.01,0,.01h0s.07.09.07.09h0s0,0,0,0h0s0,.01,0,.01h0s0,0,0,0h0s0,0,0,0h0s0,0,0,0h0s0,0,0,0h0s0,.01,0,.01h0s0,0,0,0h0s0,.01,0,.01h0s0,.01,0,.01h0s0,0,0,0h0s0,0,0,0h0s0,.01,0,.01h0s0,0,0,0h0s0,0,0,0h0s0,0,0,0h0s0,.01,0,.01h0s0,0,0,0Z\"><\/path><g id=\"advance_notification\"><path class=\"cls-2\" d=\"M91.16,89.35h-26.68c-1.29-.04-2.31-1.12-2.26-2.41.04-1.29,1.12-2.31,2.41-2.26.16,0,.33.03.49.07v-8.09c0-6.13,4.38-11.37,10.4-12.49-.11-1.81-.07-4.11,2.3-4.17,2.38.06,2.41,2.37,2.3,4.17,6.02,1.12,10.39,6.37,10.4,12.49v8.09c1.25-.31,2.52.46,2.83,1.71.31,1.25-.46,2.52-1.71,2.83-.16.04-.32.06-.49.07h0ZM69.73,84.74h16.19v-8.09c-.01-4.47-3.64-8.09-8.12-8.08-4.46.01-8.07,3.62-8.08,8.08v8.09Z\"><\/path><\/g><\/g><path class=\"cls-4\" d=\"M96.46,158.94l.16-.68h38.66l.16.68c.83,3.55,2.98,6.56,6.07,8.48,3.09,1.92,6.74,2.53,10.29,1.7,5.11-1.19,9.12-5.27,10.23-10.39l.13-.62.63-.06c10.34-1.02,18.16-9.62,18.19-20.01v-28.22c0-.38-.09-.76-.26-1.1l-12.46-24.94c-1.89-3.82-5.85-6.29-10.12-6.29h-21.09v-3.54c0-5-4.08-9.07-9.08-9.08h-16.4c-1.35,0-2.46,1.1-2.46,2.46s1.1,2.46,2.46,2.46h16.4c2.29,0,4.16,1.87,4.16,4.16v46.35c0,3.54-2.88,6.43-6.43,6.43H56.61v-21.94c0-1.35-1.1-2.46-2.46-2.46s-2.46,1.1-2.46,2.46v24.3c.01.06.02.13.02.21v8.75c.03,9.98,7.51,18.54,17.39,19.93l.61.08.13.6c.75,3.56,2.84,6.62,5.89,8.61,3.05,1.99,6.69,2.67,10.26,1.92,5.17-1.09,9.28-5.11,10.47-10.25ZM148.69,164.57h0c-4.79,0-8.71-3.91-8.74-8.69v-.14c.12-4.74,4.02-8.51,8.74-8.51.08,0,.16,0,.23,0,4.67.12,8.41,3.88,8.51,8.56,0,4.86-3.93,8.78-8.74,8.79ZM153.75,82.4h4.41c2.41,0,4.66,1.4,5.72,3.56l.09.19,11.35,22.76h-15.14c-3.54,0-6.43-2.89-6.43-6.43v-20.08ZM91.91,155.88c-.04,4.78-3.96,8.68-8.74,8.69h0c-4.82,0-8.74-3.92-8.74-8.74,0-4.82,3.92-8.74,8.74-8.75h0c4.78,0,8.7,3.89,8.74,8.66v.13ZM80.08,142.53c-4.96,1.16-8.83,4.95-10.09,9.89l-.2.8-.81-.16c-7.16-1.4-12.37-7.72-12.38-15.01v-6.41h69.14c6.25,0,11.34-5.09,11.34-11.34v-37.89h11.76v20.08c0,6.25,5.09,11.34,11.34,11.34h15.88v15.42h-3.85c-1.35,0-2.46,1.1-2.46,2.46s1.1,2.46,2.46,2.46h3.85v3.88c-.02,7.58-5.71,14.08-13.22,15.11l-.78.11-.19-.76c-.88-3.53-3.08-6.5-6.19-8.37s-6.77-2.42-10.3-1.54c-4.98,1.24-8.79,5.11-9.96,10.1l-.16.68h-38.71l-.16-.68c-1.71-7.3-9.04-11.86-16.33-10.15Z\"><\/path><\/g><\/g><\/g><\/svg>\t\t\t\t<\/a>\n\t\t\t<\/div>\n\t\t\t\n\t\t\t\t\t\t<div class=\"elementor-icon-box-content\">\n\n\t\t\t\t\t\t\t\t\t<h3 class=\"elementor-icon-box-title\">\n\t\t\t\t\t\t<a href=\"https:\/\/leloupshoes.com\/ar\/envios-y-devoluciones\/\" >\n\t\t\t\t\t\t\tSeguimiento de pedidos\t\t\t\t\t\t<\/a>\n\t\t\t\t\t<\/h3>\n\t\t\t\t\n\t\t\t\t\n\t\t\t<\/div>\n\t\t\t\n\t\t<\/div>\n\t\t\t\t\t\t<\/div>\n\t\t\t\t<\/div>\n\t\t\t\t<div class=\"elementor-element elementor-element-22c7832 elementor-align-center elementor-widget elementor-widget-button\" data-id=\"22c7832\" data-element_type=\"widget\" data-e-type=\"widget\" data-widget_type=\"button.default\">\n\t\t\t\t<div class=\"elementor-widget-container\">\n\t\t\t\t\t\t\t\t\t<div class=\"elementor-button-wrapper\">\n\t\t\t\t\t<a class=\"elementor-button elementor-button-link elementor-size-sm\" href=\"https:\/\/leloupshoes.com\/ar\/envios-y-devoluciones\/\">\n\t\t\t\t\t\t<span class=\"elementor-button-content-wrapper\">\n\t\t\t\t\t\t\t\t\t<span class=\"elementor-button-text\">M\u00e1s info<\/span>\n\t\t\t\t\t<\/span>\n\t\t\t\t\t<\/a>\n\t\t\t\t<\/div>\n\t\t\t\t\t\t\t\t<\/div>\n\t\t\t\t<\/div>\n\t\t\t\t\t<\/div>\n\t\t<\/div>\n\t\t\t\t<div class=\"elementor-column elementor-col-33 elementor-top-column elementor-element elementor-element-4853792\" data-id=\"4853792\" data-element_type=\"column\" data-e-type=\"column\">\n\t\t\t<div class=\"elementor-widget-wrap elementor-element-populated\">\n\t\t\t\t\t\t<div class=\"elementor-element elementor-element-ef09e70 elementor-view-default elementor-position-block-start elementor-mobile-position-block-start elementor-widget elementor-widget-icon-box\" data-id=\"ef09e70\" data-element_type=\"widget\" data-e-type=\"widget\" data-widget_type=\"icon-box.default\">\n\t\t\t\t<div class=\"elementor-widget-container\">\n\t\t\t\t\t\t\t<div class=\"elementor-icon-box-wrapper\">\n\n\t\t\t\t\t\t<div class=\"elementor-icon-box-icon\">\n\t\t\t\t<a href=\"https:\/\/leloupshoes.com\/ar\/medios-de-pagos-y-como-comprar\/\" class=\"elementor-icon\" tabindex=\"-1\" aria-label=\"Medios de Pago\">\n\t\t\t\t<svg xmlns=\"http:\/\/www.w3.org\/2000\/svg\" id=\"Capa_2\" viewBox=\"0 0 224 224\"><defs><style>      .cls-1 {        fill: #a01b29;      }      .cls-2 {        fill: #fff;      }      .cls-3 {        fill: none;        stroke: #333;        stroke-miterlimit: 10;        stroke-width: 4px;      }      .cls-4 {        fill: #333;      }    <\/style><\/defs><g id=\"Capa_1-2\" data-name=\"Capa_1\"><g><circle class=\"cls-3\" cx=\"112\" cy=\"112\" r=\"110\"><\/circle><g><g><path class=\"cls-4\" d=\"M165.27,106.15v-21.11c0-3.43-2.79-6.23-6.23-6.23h-3.92v-13.3c0-3.43-2.79-6.23-6.23-6.23h-77.24c-6.63,0-12.03,5.4-12.03,12.03,0,0,0,0,0,.01v74.86c0,6.66,5.42,12.08,12.08,12.08h35.67c1.25,0,2.26-1.01,2.26-2.26s-1.01-2.26-2.26-2.26h-35.67c-4.16,0-7.55-3.39-7.55-7.55v-65.48c2.06,1.65,4.67,2.63,7.5,2.63h81.19s0,0,0,0h6.18c.94,0,1.7.76,1.7,1.7v20.79h-15.72c-4.52,0-8.2,3.68-8.2,8.2v9.01c0,4.52,3.68,8.2,8.2,8.2h15.72v9.27c0,1.25,1.01,2.26,2.26,2.26s2.26-1.01,2.26-2.26v-9.59c2.12-.76,3.63-2.78,3.63-5.15v-14.47c0-2.37-1.52-4.4-3.63-5.15ZM64.16,71.33h0s0-.02,0-.02c0-4.13,3.37-7.5,7.5-7.5h77.24c.94,0,1.7.76,1.7,1.7v13.3h-78.93c-4.13,0-7.49-3.36-7.5-7.49ZM141.34,123.05v-9.01c0-2.02,1.65-3.67,3.67-3.67h17.98s0,0,.01,0,0,0,.01,0h.41c.52,0,.95.42.95.95v14.47c0,.52-.42.95-.95.95h-18.41c-2.02,0-3.67-1.65-3.67-3.67Z\"><\/path><path class=\"cls-4\" d=\"M151.64,116.28h-3.11c-1.25,0-2.26,1.01-2.26,2.26s1.01,2.26,2.26,2.26h3.11c1.25,0,2.26-1.01,2.26-2.26s-1.01-2.26-2.26-2.26Z\"><\/path><\/g><g><circle class=\"cls-1\" cx=\"138.46\" cy=\"160.98\" r=\"24.37\"><\/circle><path class=\"cls-2\" d=\"M139.07,175.3c-.9,0-1.62-.73-1.62-1.62v-1.03c-.89-.13-1.71-.36-2.48-.69-1.29-.56-2.34-1.36-3.12-2.4-.64-.85-1.06-1.82-1.25-2.9-.09-.5.04-1.01.37-1.41.33-.4.81-.63,1.32-.63h.02c.84,0,1.56.6,1.71,1.43.1.57.31,1.07.65,1.52.42.56.98.99,1.73,1.32.32.14.67.25,1.05.33v-7.17c-2.09-.51-3.61-1.23-4.64-2.17-1.16-1.06-1.75-2.49-1.75-4.24v-.03c0-1.3.36-2.46,1.08-3.46.69-.97,1.66-1.73,2.87-2.27.74-.33,1.56-.55,2.44-.67v-1.01c0-.9.73-1.62,1.62-1.62s1.62.73,1.62,1.62v1.03c.81.13,1.58.36,2.28.68,1.2.55,2.18,1.32,2.92,2.29.6.79,1,1.7,1.19,2.68.09.49-.03,1-.35,1.39-.32.39-.79.63-1.3.64,0,0-.07,0-.08,0-.82,0-1.53-.59-1.69-1.4-.1-.51-.3-.95-.61-1.35-.4-.52-.93-.92-1.61-1.22-.24-.1-.49-.19-.75-.26v6.6l.1.02c2.29.54,3.93,1.26,5.01,2.22,1.18,1.04,1.78,2.5,1.78,4.32v.02c0,1.43-.38,2.69-1.13,3.74-.73,1.04-1.75,1.84-3.03,2.38-.82.35-1.74.59-2.74.7v.99c0,.9-.73,1.62-1.62,1.62ZM140.7,169.29c.51-.08.96-.21,1.35-.38.7-.3,1.21-.7,1.55-1.22.34-.51.51-1.09.51-1.79v-.02c0-.83-.23-1.42-.72-1.86-.35-.32-1.1-.77-2.7-1.2v6.46ZM137.45,152.63c-.35.07-.67.18-.96.3-.66.29-1.14.66-1.48,1.13-.32.44-.47.94-.47,1.51v.03c0,.78.23,1.35.72,1.81.32.29.95.7,2.19,1.07v-5.86Z\"><\/path><\/g><\/g><\/g><\/g><\/svg>\t\t\t\t<\/a>\n\t\t\t<\/div>\n\t\t\t\n\t\t\t\t\t\t<div class=\"elementor-icon-box-content\">\n\n\t\t\t\t\t\t\t\t\t<h3 class=\"elementor-icon-box-title\">\n\t\t\t\t\t\t<a href=\"https:\/\/leloupshoes.com\/ar\/medios-de-pagos-y-como-comprar\/\" >\n\t\t\t\t\t\t\tMedios de Pago\t\t\t\t\t\t<\/a>\n\t\t\t\t\t<\/h3>\n\t\t\t\t\n\t\t\t\t\n\t\t\t<\/div>\n\t\t\t\n\t\t<\/div>\n\t\t\t\t\t\t<\/div>\n\t\t\t\t<\/div>\n\t\t\t\t<div class=\"elementor-element elementor-element-911c1fd elementor-align-center elementor-widget elementor-widget-button\" data-id=\"911c1fd\" data-element_type=\"widget\" data-e-type=\"widget\" data-widget_type=\"button.default\">\n\t\t\t\t<div class=\"elementor-widget-container\">\n\t\t\t\t\t\t\t\t\t<div class=\"elementor-button-wrapper\">\n\t\t\t\t\t<a class=\"elementor-button elementor-button-link elementor-size-sm\" href=\"https:\/\/leloupshoes.com\/ar\/medios-de-pagos-y-como-comprar\/\">\n\t\t\t\t\t\t<span class=\"elementor-button-content-wrapper\">\n\t\t\t\t\t\t\t\t\t<span class=\"elementor-button-text\">M\u00e1s info<\/span>\n\t\t\t\t\t<\/span>\n\t\t\t\t\t<\/a>\n\t\t\t\t<\/div>\n\t\t\t\t\t\t\t\t<\/div>\n\t\t\t\t<\/div>\n\t\t\t\t\t<\/div>\n\t\t<\/div>\n\t\t\t\t<div class=\"elementor-column elementor-col-33 elementor-top-column elementor-element elementor-element-cdfe9fd\" data-id=\"cdfe9fd\" data-element_type=\"column\" data-e-type=\"column\">\n\t\t\t<div class=\"elementor-widget-wrap elementor-element-populated\">\n\t\t\t\t\t\t<div class=\"elementor-element elementor-element-46b442c elementor-view-default elementor-position-block-start elementor-mobile-position-block-start elementor-widget elementor-widget-icon-box\" data-id=\"46b442c\" data-element_type=\"widget\" data-e-type=\"widget\" data-widget_type=\"icon-box.default\">\n\t\t\t\t<div class=\"elementor-widget-container\">\n\t\t\t\t\t\t\t<div class=\"elementor-icon-box-wrapper\">\n\n\t\t\t\t\t\t<div class=\"elementor-icon-box-icon\">\n\t\t\t\t<a href=\"https:\/\/leloupshoes.com\/ar\/contacto\/\" class=\"elementor-icon\" tabindex=\"-1\" aria-label=\"Donde estamos\">\n\t\t\t\t<svg xmlns=\"http:\/\/www.w3.org\/2000\/svg\" id=\"Capa_2\" viewBox=\"0 0 224 224\"><defs><style>      .cls-1 {        fill: #a01b29;      }      .cls-2 {        fill: #fff;      }      .cls-3 {        fill: none;        stroke: #333;        stroke-miterlimit: 10;        stroke-width: 4px;      }      .cls-4 {        fill: #333;      }    <\/style><\/defs><g id=\"Capa_1-2\" data-name=\"Capa_1\"><g><circle class=\"cls-3\" cx=\"112\" cy=\"112\" r=\"110\"><\/circle><g><g><path class=\"cls-4\" d=\"M105.48,129.15c12.44-.02,22.57-10.15,22.58-22.59v-6.84l.83-.62c1.32-.99,2.08-2.5,2.08-4.14,0-2.86-2.33-5.18-5.18-5.18s-5.18,2.33-5.18,5.18c0,1.64.76,3.15,2.08,4.14l.83.62v6.84c0,9.94-8.08,18.02-18.02,18.02s-18.02-8.08-18.02-18.02v-6.84l.83-.62c1.32-.99,2.08-2.5,2.08-4.14,0-2.86-2.32-5.18-5.18-5.18s-5.18,2.33-5.18,5.18c0,1.64.76,3.14,2.08,4.14l.83.62v6.84c.02,12.44,10.15,22.57,22.59,22.59Z\"><\/path><path class=\"cls-4\" d=\"M173.41,160.42l-12.69-81.22c-.59-3.91-4.01-6.84-7.95-6.84h-19.08c-1.25,0-2.27,1.01-2.28,2.27h0c0,1.27,1.02,2.3,2.28,2.3h4.38c1.77,0,3.27,1.33,3.49,3.08l10.15,81.22c.02.14.03.29.03.44,0,1.94-1.58,3.52-3.52,3.52H62.74c-.15,0-.29,0-.44-.03-1.92-.24-3.29-2-3.05-3.93l10.15-81.22c.22-1.76,1.72-3.08,3.49-3.08h3.54c1.26,0,2.29-1.03,2.28-2.29h0c0-1.26-1.02-2.27-2.28-2.27h-3.54c-4.06,0-7.51,3.05-8.02,7.08l-10.15,81.21c-.04.33-.06.67-.06,1.01,0,3.03,1.66,5.8,4.53,7.28,1.09.56,2.32.79,3.55.79h0s102.67,0,102.67,0c.41,0,.83-.03,1.24-.1,4.41-.69,7.43-4.83,6.75-9.24ZM167.9,164.16c-.66.66-1.55,1.03-2.49,1.03h-9.55l.34-2.37c.11-.74.12-1.46.03-2.16l-10.15-81.22s-.02-.1-.03-.17l-.32-2.35h7.01c1.71,0,3.2,1.28,3.46,2.99l12.69,81.21c.03.18.04.36.04.54,0,.94-.37,1.83-1.03,2.49Z\"><\/path><\/g><path class=\"cls-1\" d=\"M109.57,96.43c6.56-7.73,18.71-23.29,18.71-32.48,0-12.59-10.21-22.8-22.8-22.8s-22.8,10.21-22.8,22.8c0,9.19,12.15,24.75,18.71,32.48,1.07,1.26,2.58,1.89,4.09,1.89s3.02-.63,4.09-1.89Z\"><\/path><path class=\"cls-2\" d=\"M105.48,55.43c4.1,0,7.43,3.33,7.43,7.43s-3.33,7.43-7.43,7.43-7.43-3.33-7.43-7.43,3.33-7.43,7.43-7.43M105.48,51.41c-6.32,0-11.45,5.14-11.45,11.45s5.14,11.45,11.45,11.45,11.45-5.14,11.45-11.45-5.14-11.45-11.45-11.45h0Z\"><\/path><\/g><\/g><\/g><\/svg>\t\t\t\t<\/a>\n\t\t\t<\/div>\n\t\t\t\n\t\t\t\t\t\t<div class=\"elementor-icon-box-content\">\n\n\t\t\t\t\t\t\t\t\t<h3 class=\"elementor-icon-box-title\">\n\t\t\t\t\t\t<a href=\"https:\/\/leloupshoes.com\/ar\/contacto\/\" >\n\t\t\t\t\t\t\tDonde estamos\t\t\t\t\t\t<\/a>\n\t\t\t\t\t<\/h3>\n\t\t\t\t\n\t\t\t\t\n\t\t\t<\/div>\n\t\t\t\n\t\t<\/div>\n\t\t\t\t\t\t<\/div>\n\t\t\t\t<\/div>\n\t\t\t\t<div class=\"elementor-element elementor-element-0313d0e elementor-align-center elementor-widget elementor-widget-button\" data-id=\"0313d0e\" data-element_type=\"widget\" data-e-type=\"widget\" data-widget_type=\"button.default\">\n\t\t\t\t<div class=\"elementor-widget-container\">\n\t\t\t\t\t\t\t\t\t<div class=\"elementor-button-wrapper\">\n\t\t\t\t\t<a class=\"elementor-button elementor-button-link elementor-size-sm\" href=\"https:\/\/leloupshoes.com\/ar\/contacto\/\">\n\t\t\t\t\t\t<span class=\"elementor-button-content-wrapper\">\n\t\t\t\t\t\t\t\t\t<span class=\"elementor-button-text\">M\u00e1s info<\/span>\n\t\t\t\t\t<\/span>\n\t\t\t\t\t<\/a>\n\t\t\t\t<\/div>\n\t\t\t\t\t\t\t\t<\/div>\n\t\t\t\t<\/div>\n\t\t\t\t\t<\/div>\n\t\t<\/div>\n\t\t\t\t\t<\/div>\n\t\t<\/div>\n\t\t\t\t<\/div>\n\t\t","protected":false},"excerpt":{"rendered":"<p>Seguimiento de pedidos M\u00e1s info Medios de Pago M\u00e1s info Donde estamos M\u00e1s info<\/p>\n","protected":false},"author":3,"featured_media":0,"parent":0,"menu_order":0,"comment_status":"closed","ping_status":"closed","template":"","meta":{"footnotes":""},"class_list":["post-5811","page","type-page","status-publish","hentry"],"_links":{"self":[{"href":"https:\/\/leloupshoes.com\/ar\/wp-json\/wp\/v2\/pages\/5811","targetHints":{"allow":["GET"]}}],"collection":[{"href":"https:\/\/leloupshoes.com\/ar\/wp-json\/wp\/v2\/pages"}],"about":[{"href":"https:\/\/leloupshoes.com\/ar\/wp-json\/wp\/v2\/types\/page"}],"author":[{"embeddable":true,"href":"https:\/\/leloupshoes.com\/ar\/wp-json\/wp\/v2\/users\/3"}],"replies":[{"embeddable":true,"href":"https:\/\/leloupshoes.com\/ar\/wp-json\/wp\/v2\/comments?post=5811"}],"version-history":[{"count":0,"href":"https:\/\/leloupshoes.com\/ar\/wp-json\/wp\/v2\/pages\/5811\/revisions"}],"wp:attachment":[{"href":"https:\/\/leloupshoes.com\/ar\/wp-json\/wp\/v2\/media?parent=5811"}],"curies":[{"name":"wp","href":"https:\/\/api.w.org\/{rel}","templated":true}]}}