{"id":5810,"date":"2024-06-08T23:45:34","date_gmt":"2024-06-09T02:45:34","guid":{"rendered":"https:\/\/leloupshoes.com\/ar\/?page_id=5810"},"modified":"2025-01-24T12:40:58","modified_gmt":"2025-01-24T15:40:58","slug":"cuidado-de-tus-le-loup","status":"publish","type":"page","link":"https:\/\/leloupshoes.com\/ar\/cuidado-de-tus-le-loup\/","title":{"rendered":"Cuidado de tus Le Loup"},"content":{"rendered":"\t\t<div data-elementor-type=\"wp-page\" data-elementor-id=\"5810\" class=\"elementor elementor-5810\" data-elementor-post-type=\"page\">\n\t\t\t\t\t\t<div class=\"elementor-section elementor-top-section elementor-element elementor-element-5197422 elementor-section-boxed elementor-section-height-default elementor-section-height-default\" data-id=\"5197422\" data-element_type=\"section\" data-e-type=\"section\" data-settings=\"{&quot;background_background&quot;:&quot;classic&quot;}\">\n\t\t\t\t\t\t<div class=\"elementor-container elementor-column-gap-default\">\n\t\t\t\t\t<div class=\"elementor-column elementor-col-100 elementor-top-column elementor-element elementor-element-73bf9f3\" data-id=\"73bf9f3\" data-element_type=\"column\" data-e-type=\"column\">\n\t\t\t<div class=\"elementor-widget-wrap elementor-element-populated\">\n\t\t\t\t\t\t<div class=\"elementor-element elementor-element-6eccee9 elementor-widget elementor-widget-spacer\" data-id=\"6eccee9\" data-element_type=\"widget\" data-e-type=\"widget\" data-widget_type=\"spacer.default\">\n\t\t\t\t<div class=\"elementor-widget-container\">\n\t\t\t\t\t\t\t<div class=\"elementor-spacer\">\n\t\t\t<div class=\"elementor-spacer-inner\"><\/div>\n\t\t<\/div>\n\t\t\t\t\t\t<\/div>\n\t\t\t\t<\/div>\n\t\t\t\t\t<\/div>\n\t\t<\/div>\n\t\t\t\t\t<\/div>\n\t\t<\/div>\n\t\t\t\t<div class=\"elementor-section elementor-top-section elementor-element elementor-element-e27e9a8 elementor-section-boxed elementor-section-height-default elementor-section-height-default\" data-id=\"e27e9a8\" data-element_type=\"section\" data-e-type=\"section\" data-settings=\"{&quot;background_background&quot;:&quot;classic&quot;}\">\n\t\t\t\t\t\t<div class=\"elementor-container elementor-column-gap-wider\">\n\t\t\t\t\t<div class=\"elementor-column elementor-col-50 elementor-top-column elementor-element elementor-element-28fb300\" data-id=\"28fb300\" data-element_type=\"column\" data-e-type=\"column\">\n\t\t\t<div class=\"elementor-widget-wrap elementor-element-populated\">\n\t\t\t\t\t\t<div class=\"elementor-element elementor-element-d918979 elementor-icon-list--layout-traditional elementor-list-item-link-full_width elementor-widget elementor-widget-icon-list\" data-id=\"d918979\" data-element_type=\"widget\" data-e-type=\"widget\" data-widget_type=\"icon-list.default\">\n\t\t\t\t<div class=\"elementor-widget-container\">\n\t\t\t\t\t\t\t<ul class=\"elementor-icon-list-items\">\n\t\t\t\t\t\t\t<li class=\"elementor-icon-list-item\">\n\t\t\t\t\t\t\t\t\t\t\t<span class=\"elementor-icon-list-icon\">\n\t\t\t\t\t\t\t<svg xmlns=\"http:\/\/www.w3.org\/2000\/svg\" id=\"Capa_2\" viewBox=\"0 0 28.42 28.42\"><defs><style>      .cls-1 {        fill: #a01b29;      }    <\/style><\/defs><g id=\"Capa_1-2\" data-name=\"Capa_1\"><g id=\"Layer_2\"><g id=\"_48.sparkles\"><path class=\"cls-1\" d=\"M14.21,0C6.36,0,0,6.36,0,14.21s6.36,14.21,14.21,14.21,14.21-6.36,14.21-14.21S22.06,0,14.21,0ZM14.08,15.93l-2.4,4.39-2.41-4.39-4.38-2.4,4.38-2.4,2.41-4.39,2.4,4.39,4.39,2.4-4.39,2.4ZM19.83,20.8l-1.28,2.34-1.28-2.34-2.34-1.28,2.34-1.28,1.28-2.34,1.28,2.34,2.34,1.28-2.34,1.28ZM19.39,9.46l-.96,1.75-.96-1.75-1.75-.96,1.75-.96.96-1.75.96,1.75,1.75.96-1.75.96Z\"><\/path><\/g><\/g><\/g><\/svg>\t\t\t\t\t\t<\/span>\n\t\t\t\t\t\t\t\t\t\t<span class=\"elementor-icon-list-text\">No los mojes.<\/span>\n\t\t\t\t\t\t\t\t\t<\/li>\n\t\t\t\t\t\t\t\t<li class=\"elementor-icon-list-item\">\n\t\t\t\t\t\t\t\t\t\t\t<span class=\"elementor-icon-list-icon\">\n\t\t\t\t\t\t\t<svg xmlns=\"http:\/\/www.w3.org\/2000\/svg\" id=\"Capa_2\" viewBox=\"0 0 28.42 28.42\"><defs><style>      .cls-1 {        fill: #a01b29;      }    <\/style><\/defs><g id=\"Capa_1-2\" data-name=\"Capa_1\"><g id=\"Layer_2\"><g id=\"_48.sparkles\"><path class=\"cls-1\" d=\"M14.21,0C6.36,0,0,6.36,0,14.21s6.36,14.21,14.21,14.21,14.21-6.36,14.21-14.21S22.06,0,14.21,0ZM14.08,15.93l-2.4,4.39-2.41-4.39-4.38-2.4,4.38-2.4,2.41-4.39,2.4,4.39,4.39,2.4-4.39,2.4ZM19.83,20.8l-1.28,2.34-1.28-2.34-2.34-1.28,2.34-1.28,1.28-2.34,1.28,2.34,2.34,1.28-2.34,1.28ZM19.39,9.46l-.96,1.75-.96-1.75-1.75-.96,1.75-.96.96-1.75.96,1.75,1.75.96-1.75.96Z\"><\/path><\/g><\/g><\/g><\/svg>\t\t\t\t\t\t<\/span>\n\t\t\t\t\t\t\t\t\t\t<span class=\"elementor-icon-list-text\">No los laves a m\u00e1quina.<\/span>\n\t\t\t\t\t\t\t\t\t<\/li>\n\t\t\t\t\t\t\t\t<li class=\"elementor-icon-list-item\">\n\t\t\t\t\t\t\t\t\t\t\t<span class=\"elementor-icon-list-icon\">\n\t\t\t\t\t\t\t<svg xmlns=\"http:\/\/www.w3.org\/2000\/svg\" id=\"Capa_2\" viewBox=\"0 0 28.42 28.42\"><defs><style>      .cls-1 {        fill: #a01b29;      }    <\/style><\/defs><g id=\"Capa_1-2\" data-name=\"Capa_1\"><g id=\"Layer_2\"><g id=\"_48.sparkles\"><path class=\"cls-1\" d=\"M14.21,0C6.36,0,0,6.36,0,14.21s6.36,14.21,14.21,14.21,14.21-6.36,14.21-14.21S22.06,0,14.21,0ZM14.08,15.93l-2.4,4.39-2.41-4.39-4.38-2.4,4.38-2.4,2.41-4.39,2.4,4.39,4.39,2.4-4.39,2.4ZM19.83,20.8l-1.28,2.34-1.28-2.34-2.34-1.28,2.34-1.28,1.28-2.34,1.28,2.34,2.34,1.28-2.34,1.28ZM19.39,9.46l-.96,1.75-.96-1.75-1.75-.96,1.75-.96.96-1.75.96,1.75,1.75.96-1.75.96Z\"><\/path><\/g><\/g><\/g><\/svg>\t\t\t\t\t\t<\/span>\n\t\t\t\t\t\t\t\t\t\t<span class=\"elementor-icon-list-text\">Mantenimiento con cepillos suaves o pa\u00f1os.<\/span>\n\t\t\t\t\t\t\t\t\t<\/li>\n\t\t\t\t\t\t<\/ul>\n\t\t\t\t\t\t<\/div>\n\t\t\t\t<\/div>\n\t\t\t\t<div class=\"elementor-element elementor-element-d9ce402 elementor-widget elementor-widget-text-editor\" data-id=\"d9ce402\" data-element_type=\"widget\" data-e-type=\"widget\" data-widget_type=\"text-editor.default\">\n\t\t\t\t<div class=\"elementor-widget-container\">\n\t\t\t\t\t\t\t\t\t<p>En el caso que derrames alg\u00fan l\u00edquido, secalo inmediatamente con un pa\u00f1o limpio o una esponja absorbente seca. No lo frotes.<\/p><p>Luego secalo con una toalla limpia y dej\u00e1 secar el art\u00edculo al ambiente (no al sol) porque decolora el cuero.<\/p><p>Nunca seques el material con secadora, ya que el calor puede da\u00f1arlo y resecar el cuero.<\/p>\t\t\t\t\t\t\t\t<\/div>\n\t\t\t\t<\/div>\n\t\t\t\t<div class=\"elementor-section elementor-inner-section elementor-element elementor-element-b8272a9 elementor-hidden-mobile_extra elementor-hidden-mobile elementor-section-boxed elementor-section-height-default elementor-section-height-default\" data-id=\"b8272a9\" data-element_type=\"section\" data-e-type=\"section\">\n\t\t\t\t\t\t<div class=\"elementor-container elementor-column-gap-extended\">\n\t\t\t\t\t<div class=\"elementor-column elementor-col-100 elementor-inner-column elementor-element elementor-element-c2a2494\" data-id=\"c2a2494\" data-element_type=\"column\" data-e-type=\"column\">\n\t\t\t<div class=\"elementor-widget-wrap elementor-element-populated\">\n\t\t\t\t\t\t<div class=\"elementor-element elementor-element-f1c48f1 elementor-widget elementor-widget-image\" data-id=\"f1c48f1\" data-element_type=\"widget\" data-e-type=\"widget\" data-widget_type=\"image.default\">\n\t\t\t\t<div class=\"elementor-widget-container\">\n\t\t\t\t\t\t\t\t\t\t\t\t\t\t\t<img fetchpriority=\"high\" decoding=\"async\" width=\"800\" height=\"725\" src=\"https:\/\/www.leloupshoes.com\/ar\/wp-content\/uploads\/2024\/10\/cuidados.jpg\" class=\"attachment-large size-large wp-image-24444\" alt=\"\" srcset=\"https:\/\/www.leloupshoes.com\/ar\/wp-content\/uploads\/2024\/10\/cuidados.jpg 800w, https:\/\/www.leloupshoes.com\/ar\/wp-content\/uploads\/2024\/10\/cuidados-600x544.jpg 600w, https:\/\/www.leloupshoes.com\/ar\/wp-content\/uploads\/2024\/10\/cuidados-300x272.jpg 300w, https:\/\/www.leloupshoes.com\/ar\/wp-content\/uploads\/2024\/10\/cuidados-768x696.jpg 768w\" sizes=\"(max-width: 800px) 100vw, 800px\" \/>\t\t\t\t\t\t\t\t\t\t\t\t\t\t\t<\/div>\n\t\t\t\t<\/div>\n\t\t\t\t\t<\/div>\n\t\t<\/div>\n\t\t\t\t\t<\/div>\n\t\t<\/div>\n\t\t\t\t\t<\/div>\n\t\t<\/div>\n\t\t\t\t<div class=\"elementor-column elementor-col-50 elementor-top-column elementor-element elementor-element-81ce138\" data-id=\"81ce138\" data-element_type=\"column\" data-e-type=\"column\">\n\t\t\t<div class=\"elementor-widget-wrap elementor-element-populated\">\n\t\t\t\t\t\t<div class=\"elementor-element elementor-element-89d9cd9 elementor-widget elementor-widget-text-editor\" data-id=\"89d9cd9\" data-element_type=\"widget\" data-e-type=\"widget\" data-widget_type=\"text-editor.default\">\n\t\t\t\t<div class=\"elementor-widget-container\">\n\t\t\t\t\t\t\t\t\t<strong>Cueros metalizados:<\/strong>\n<ul>\n \t<li>Son sensibles a la fricci\u00f3n.<\/li>\n \t<li>Con el roce se puede desgastar su brillo y color original.<\/li>\n \t<li>Son sensibles a ralladuras.<\/li>\n<\/ul>\n<strong>Charoles:<\/strong>\n<ul>\n \t<li>Mantener limpio con\u00a0pa\u00f1o.<\/li>\n \t<li>Son sensibles a ralladuras.<\/li>\n \t<li>Al ser una superficie brillante y pulida las arrugas naturales por el uso ser\u00e1n m\u00e1s visibles.<\/li>\n<\/ul>\n<strong>Gamuza:<\/strong>\n<ul>\n \t<li>Limpiar con cepillo de cerda semiblanda o lija extrafina 0.0.<\/li>\n \t<li>Limpiar con goma blanca de borrar.<\/li>\n \t<li>Son sensibles al roce y desgaste.<\/li>\n<\/ul>\t\t\t\t\t\t\t\t<\/div>\n\t\t\t\t<\/div>\n\t\t\t\t<div class=\"elementor-element elementor-element-589c36b elementor-view-default elementor-widget elementor-widget-icon\" data-id=\"589c36b\" data-element_type=\"widget\" data-e-type=\"widget\" data-widget_type=\"icon.default\">\n\t\t\t\t<div class=\"elementor-widget-container\">\n\t\t\t\t\t\t\t<div class=\"elementor-icon-wrapper\">\n\t\t\t<div class=\"elementor-icon\">\n\t\t\t<svg xmlns=\"http:\/\/www.w3.org\/2000\/svg\" id=\"Capa_2\" viewBox=\"0 0 99.25 82.57\"><defs><style>      .cls-1 {        fill: #a01b29;      }    <\/style><\/defs><g id=\"Capa_1-2\" data-name=\"Capa_1\"><g><g><g><polygon class=\"cls-1\" points=\"44.04 12.21 42.29 13.87 42.45 11.46 40.33 10.31 42.67 9.72 43.11 7.35 44.4 9.39 46.79 9.08 45.24 10.93 46.28 13.11 44.04 12.21\"><\/polygon><polygon class=\"cls-1\" points=\"53.05 9.96 51.15 8.93 53.25 8.4 53.64 6.27 54.8 8.1 56.95 7.82 55.56 9.48 56.49 11.44 54.48 10.63 52.9 12.12 53.05 9.96\"><\/polygon><polygon class=\"cls-1\" points=\"33.43 14.45 32.04 15.77 32.17 13.86 30.49 12.95 32.35 12.49 32.69 10.61 33.71 12.23 35.6 11.98 34.38 13.44 35.2 15.17 33.43 14.45\"><\/polygon><\/g><g><path class=\"cls-1\" d=\"M24.19,23.5c-.06.2-.19.37-.37.52-.18.15-.43.25-.75.31l-.64.12.28,1.46-.76.15-.73-3.81,1.4-.27c.29-.06.56-.05.78,0,.23.06.41.17.55.33.14.16.23.35.27.58.04.2.03.4-.04.6ZM23.37,23.49c.08-.12.11-.26.08-.44-.07-.37-.31-.52-.73-.44l-.61.12.21,1.11.61-.12c.21-.04.36-.12.44-.23Z\"><\/path><path class=\"cls-1\" d=\"M27.24,25.06l-1.12-1.32-.36.07.28,1.49-.76.15-.73-3.81,1.43-.27c.29-.06.56-.05.78.01s.41.17.55.33c.14.16.23.34.27.56.05.25.02.49-.09.72-.11.23-.3.41-.57.54l1.21,1.37-.88.17ZM25.64,23.23l.64-.12c.21-.04.35-.12.44-.24.08-.12.11-.27.07-.45-.03-.17-.11-.3-.23-.38-.12-.08-.28-.1-.49-.06l-.64.12.21,1.12Z\"><\/path><path class=\"cls-1\" d=\"M28.93,21.42l.18.96,1.28-.25.12.61-1.28.25.19,1.01,1.45-.28.12.62-2.21.42-.73-3.82,2.21-.42.12.62-1.45.28Z\"><\/path><path class=\"cls-1\" d=\"M35.11,19.6l.73,3.81-.76.15-.47-2.48-.55,2.67-.58.11-1.5-2.28.47,2.48-.76.15-.73-3.81.87-.17,1.75,2.6.67-3.07.86-.16Z\"><\/path><path class=\"cls-1\" d=\"M36.62,19.31l.73,3.81-.76.15-.73-3.81.76-.15Z\"><\/path><path class=\"cls-1\" d=\"M38.13,19.03l.45,2.36c.05.26.15.44.32.55.16.11.36.14.61.1.25-.05.43-.15.53-.31.11-.16.14-.37.09-.63l-.45-2.36.77-.15.45,2.35c.06.32.04.61-.05.86-.1.25-.25.45-.47.61-.21.16-.46.26-.75.32-.28.05-.55.05-.81-.02-.25-.07-.47-.2-.65-.4-.18-.2-.3-.46-.36-.78l-.45-2.35.76-.15Z\"><\/path><path class=\"cls-1\" d=\"M45.34,17.65l.73,3.81-.76.15-.47-2.48-.55,2.67-.58.11-1.5-2.28.47,2.48-.76.15-.73-3.81.87-.17,1.75,2.6.67-3.07.86-.16Z\"><\/path><path class=\"cls-1\" d=\"M51.09,21.2l-.71-.58c-.15.07-.31.12-.48.15-.36.07-.7.05-1.03-.06-.33-.11-.61-.3-.84-.56-.23-.26-.38-.58-.45-.96-.07-.37-.05-.72.07-1.05.12-.33.31-.61.58-.83.27-.22.58-.37.93-.44.36-.07.7-.05,1.03.06.33.11.61.3.84.56.23.26.38.58.45.95.06.34.05.66-.04.97s-.24.57-.46.79l1.06.82-.95.18ZM48.63,19.68c.14.17.3.3.5.37.2.07.41.08.64.04.23-.04.42-.13.58-.27s.26-.31.32-.52c.06-.21.07-.44.02-.7-.05-.25-.14-.47-.28-.64-.13-.17-.3-.29-.49-.36-.19-.07-.41-.08-.64-.04-.23.04-.42.13-.58.27-.16.14-.27.31-.33.52-.06.21-.07.44-.02.7.05.25.14.47.28.64Z\"><\/path><path class=\"cls-1\" d=\"M52.44,16.29l.45,2.36c.05.26.15.44.32.55.16.11.36.14.61.1.25-.05.43-.15.53-.31s.14-.37.09-.63l-.45-2.36.77-.15.45,2.35c.06.32.04.61-.05.86-.1.25-.25.45-.47.61-.21.16-.46.26-.75.32-.28.05-.55.05-.8-.02-.25-.07-.47-.2-.65-.4-.18-.2-.3-.46-.36-.78l-.45-2.35.76-.15Z\"><\/path><path class=\"cls-1\" d=\"M58.42,18.35l-1.52.29-.11.77-.8.15.64-4.08.89-.17,2.1,3.56-.81.15-.39-.68ZM58.1,17.77l-.86-1.49-.25,1.7,1.1-.21Z\"><\/path><path class=\"cls-1\" d=\"M60.78,18.02l1.26-.24.12.61-2.02.39-.73-3.81.76-.15.61,3.21Z\"><\/path><path class=\"cls-1\" d=\"M62.68,14.34l.73,3.81-.76.15-.73-3.81.76-.15Z\"><\/path><path class=\"cls-1\" d=\"M66.02,13.7l.12.62-1.02.19.61,3.19-.76.15-.61-3.19-1.02.19-.12-.62,2.8-.53Z\"><\/path><path class=\"cls-1\" d=\"M69.61,13.01l-.81,2.73.25,1.33-.76.15-.25-1.33-1.77-2.24.86-.16,1.15,1.59.48-1.9.85-.16Z\"><\/path><\/g><g><path class=\"cls-1\" d=\"M19.42,57.71c-1.59.26-2.71-.64-3.06-2.47-.23-1.2.05-3.23.72-7.06l.09-.58-4.57.87c-.03.22-.05.42-.07.63h0c-.42,3.37-.86,6.84-4.65,7.57-2.31.44-4.09-.82-4.55-3.21-.47-2.48,1.22-4.94,3.78-5.47.4-.08.79.19.87.58.08.42-.18.8-.58.88-1.55.3-2.98,1.87-2.62,3.75.3,1.55,1.36,2.3,2.84,2.02,2.71-.52,3.06-3.32,3.43-6.28,0-.05.01-.11.02-.16l-.43.08c-.4.08-.79-.19-.86-.59-.08-.42.18-.8.58-.88l.91-.17.11-.9.03-.27c.17-1.41.38-3.15.82-4.62-.67-.04-1.29-.1-1.89-.16l-.26-.03h-.05c-1.33-.16-2.58-.3-3.87-.05-1.16.22-2.12,1.64-1.9,2.82.29,1.54,1.47,1.65,2.4,1.47.52-.1,1.09-.35,1.64-.73h.01s.01-.01.01-.01c.07-.04.16-.09.29-.11.43-.08.77.24.84.59.05.28-.05.55-.28.73h0c-.69.49-1.48.84-2.25.99-2.08.4-3.72-.64-4.09-2.59-.39-2.06,1.03-4.21,3.05-4.6,1.55-.3,2.92-.14,4.37.02h.02c.84.1,1.7.2,2.64.21.35-.47.67-.82,1.06-1.14.09-.08.21-.15.34-.17.45-.09.79.23.86.59.05.28-.05.55-.28.72-.6.51-1.01,1.1-1.16,1.65h0c-.44,1.4-.66,3.2-.84,4.64l-.03.24-.05.42,4.62-.88.1-.7c.18-1.21.38-2.58.58-3.81l.13-.9c.21-1.42.32-2.17.35-2.32.05-.29.28-.52.58-.58.25-.05.5.02.67.19.17.17.24.41.2.65l-.48,3.18c-.13.85-.26,1.78-.39,2.67-.29,1.99-.55,3.72-.6,4-.59,3.6-.89,5.53-.74,6.56.08.55.27.94.55,1.13.21.15.47.19.81.13.39-.07.79.2.87.61h0s0,.03,0,.03c.04.4-.23.77-.61.84h0Z\"><\/path><path class=\"cls-1\" d=\"M42.42,48.92c-.88.17-1.58-.2-1.96-.99-.59,1.03-1.28,1.61-2.11,1.77-.88.17-1.64-.24-2.08-1.09-.54,1.14-1.19,1.71-2.08,1.88-1.08.21-1.9-.43-2.14-1.66-.2-1.02.01-2.22.22-3.38.19-1.09.37-2.12.21-2.92-.1-.53-.37-.71-.9-.61-.9.17-1.95,2.7-2.32,4.85l-.02.13v.03s-.63,4.1-.63,4.1c-.04.32-.28.57-.6.63-.07.01-.14.02-.21.01h-.01s-.01,0-.01,0c-.19-.03-.35-.13-.46-.26-.35.33-.75.53-1.19.61-.84.16-1.53-.19-1.9-.94-.58.97-1.27,1.55-2.08,1.7-1.21.23-2.14-.58-2.43-2.11-.27-1.39-.09-3.39.44-5.08.64-2.03,1.65-3.27,2.86-3.5.74-.14,1.39,0,1.9.38.01-.07.07-.4.07-.4.05-.29.28-.53.6-.58.24-.05.48.03.65.2.17.17.24.42.2.65l-.49,2.9c-.03.22-.07.44-.1.66-.29,1.85-.54,3.44-.4,4.19.11.55.25.52.41.49,1.06-.2,1.61-2.57,1.94-3.99v-.07s.02-.02.02-.02c0-.03.02-.06.03-.08l.07-.44c.26-1.69.5-3.29.69-4.48.04-.31.27-.55.59-.61.24-.05.49.03.66.2.05.05.09.1.12.15.41-.43.85-.69,1.34-.78,1.44-.27,2.34.34,2.62,1.78.19.98-.02,2.25-.22,3.47-.18,1.1-.35,2.13-.21,2.83.11.55.26.52.41.49.74-.14,1.22-1.14,1.93-3.98.24-2.66,1.4-5.69,3.37-6.07.73-.14,1.36-.02,1.87.36l.09-.55.48-3.29c.05-.3.28-.53.58-.59.24-.05.48.02.65.19.17.17.26.42.22.65-.02.17-.13.9-.27,1.86-.35,2.34-.93,6.26-.98,6.68-.07.53-.27,2.13-.16,2.68.11.55.35.5.45.48,1.22-.23,1.85-1.84,2.42-4.18h0s0-.03,0-.03c.09-.26.32-.47.59-.52.09-.02.18,0,.27,0h.02s.02,0,.02,0c.29.08.5.3.55.57.02.11,0,.21,0,.29v.02s0,.02,0,.02c-.74,2.97-1.6,4.88-3.59,5.26ZM39.51,40.45c-1.55.36-2.52,4.63-2.16,6.73.22,1.17.57,1.1.71,1.08,1.44-.27,2.05-3.57,2.42-5.54.05-.24.09-.46.13-.67.04-.2.07-.39.11-.56,0,0,0-.01,0-.03-.13-.54-.44-1.14-1.22-.99ZM23.3,43.54c-.7.15-1.35,1.14-1.79,2.72-.38,1.38-.54,3.03-.37,4.01.22,1.17.57,1.1.71,1.08,1.44-.27,2.05-3.57,2.42-5.54l.23-1.32c-.18-.7-.63-1.05-1.2-.94Z\"><\/path><path class=\"cls-1\" d=\"M71.79,47.5c-1.51.29-2.71-.52-3-2.02-.24-1.27.33-5.03.93-8.78.05-.28.09-.55.13-.79.04-.25.08-.5.12-.74.32-1.98.56-3.41.33-4.61-.21-1.12-.74-1.5-1.82-1.29-1.28.25-2.46,2.11-3.14,3.79-.48,4.62-.57,5.45-1.41,11.11-.04.31-.27.55-.59.61-.23.04-.47-.02-.63-.17-.18-.16-.26-.4-.24-.65h0c.55-3.56,1.05-7.42,1.36-10.61.07-.69.06-1.27-.03-1.73-.11-.58-.42-1.54-1.27-1.37-1.55.3-3.16,3.91-4.12,6.11l-.62,4.89c-.43,3.48-.77,4.93-2.35,5.23-.85.16-1.49-.34-1.67-1.31-.19-1.13.37-2.91,1.9-5.96.07-.15,1.18-2.91,1.31-3.25l.53-4.15c-1.34,1.42-2.98,3.02-5.1,3.42-1.06.2-2.05,0-2.79-.55-.71-.54-1.13-1.35-1.21-2.35-.03-.35.24-.7.6-.77.41-.08.79.2.87.63.25,1.29,1.03,1.84,2.26,1.6,1.8-.34,3.64-2.31,4.99-3.74.18-.19.36-.37.53-.55.13-.13.24-.25.35-.36.1-.11.23-.19.39-.22.24-.05.46.01.63.16.17.16.27.42.25.66l-.26,2.07c.95-1.67,1.86-2.76,3.3-3.03,1.19-.23,2.24.46,2.73,1.72.95-1.53,2.02-2.41,3.19-2.64,1.87-.36,3.11.5,3.47,2.41.3,1.35.04,2.94-.32,5.13-.04.23-.08.47-.12.72-.35,2.14-1.29,7.83-1.06,9.06.16.82.79,1.01,1.33.9.39-.08.76.17.83.55.07.39-.18.76-.57.84ZM56.15,41.79c-.74,1.63-1.07,2.38-.93,3.2,0,0,0,0,0,.01.51-.18.74-1.11,1.04-3.47-.04.09-.08.17-.11.25Z\"><\/path><path class=\"cls-1\" d=\"M92.46,39.36c-1.32.25-2.45-.21-3.07-1.23-.65,1.36-1.49,2.1-2.61,2.31-.88.17-1.58-.2-1.96-.99-.59,1.03-1.28,1.61-2.11,1.77-.89.17-1.63-.22-2.08-1.07-.54,1.09-1.23,1.7-2.08,1.87-.84.16-1.53-.19-1.9-.94-.58.97-1.27,1.55-2.08,1.7-1.21.23-2.14-.58-2.43-2.11-.27-1.39-.09-3.39.44-5.08.64-2.03,1.65-3.27,2.86-3.5.74-.14,1.39,0,1.9.38.01-.07.07-.4.07-.4.05-.29.28-.53.6-.58.24-.05.48.03.65.2.17.17.24.42.2.65l-.49,2.9c-.03.22-.07.44-.1.66-.29,1.85-.54,3.44-.4,4.19.11.55.25.52.41.49,1.05-.2,1.6-2.52,1.93-3.92.23-2.69,1.39-5.74,3.38-6.12.73-.14,1.36-.02,1.87.36l.09-.55.48-3.29c.05-.3.28-.53.58-.59.24-.05.48.02.65.19.17.17.26.42.22.65-.03.17-.13.9-.28,1.86-.35,2.34-.93,6.26-.98,6.68-.07.53-.27,2.13-.16,2.68.11.55.35.5.45.48,1.21-.23,1.84-1.81,2.4-4.12.27-2.72,1.58-5.67,3.57-6.05,1.23-.23,2.15.32,2.36,1.41.5,2.61-3.12,4.59-4.5,5.24-.02.43-.01.76.04,1.13.08.49.27.85.57,1.07.31.23.74.3,1.26.22.02,0,.07-.01.07-.01,1.49-.28,2.46-1.64,3.05-4.27v-.02c.08-.28.32-.49.6-.54.09-.02.18-.02.27,0h.02s.02,0,.02,0c.28.08.5.31.56.59.02.1,0,.18,0,.24v.05s-.01.02-.01.02c-.78,3.28-2.16,4.99-4.32,5.41ZM83.87,31.97c-1.55.36-2.52,4.63-2.16,6.73.22,1.17.57,1.1.71,1.08,1.44-.27,2.05-3.57,2.42-5.54.05-.24.09-.46.13-.67.04-.2.07-.39.11-.56,0,0,0-.01,0-.03-.13-.54-.44-1.14-1.22-.99ZM75.72,33.53c-.7.15-1.35,1.14-1.79,2.72-.38,1.38-.54,3.03-.37,4.01.22,1.17.57,1.1.71,1.08,1.44-.27,2.05-3.57,2.42-5.54l.23-1.32c-.18-.7-.63-1.05-1.2-.94ZM92.75,30.27c-.84.16-1.62,1.41-2.12,3.37,1.95-1.14,2.93-2.24,2.76-3.13-.03-.16-.07-.35-.64-.24Z\"><\/path><\/g><g><path class=\"cls-1\" d=\"M.58,36.53l10.22-1.95,1.14-.22,70.09-13.39,1.1-.21,10.34-1.97c.13-.02.24-.11.3-.21.07-.11.09-.25.07-.39-.05-.28-.31-.48-.57-.43l-10.71,2.05-5.17-8.66c-1.52-2.55-3.94-4.35-6.82-5.08L47.93.34c-1.56-.39-3.23-.44-4.81-.14-1.28.24-2.49.71-3.61,1.37l-20.04,11.96c-2.55,1.52-4.35,3.94-5.08,6.82l-3.31,13.11L.38,35.5c-.13.02-.24.11-.3.21-.07.11-.09.25-.07.39.05.29.31.48.57.43ZM15.41,20.6c.66-2.6,2.29-4.8,4.6-6.18L40.06,2.47c1.01-.6,2.11-1.02,3.27-1.24,1.43-.27,2.94-.23,4.35.13l22.63,5.72c2.61.66,4.8,2.29,6.18,4.6l4.97,8.33L12.22,33.23l3.19-12.63Z\"><\/path><path class=\"cls-1\" d=\"M98.67,46.04l-10.22,1.95-1.14.22-70.09,13.39-1.1.21-10.34,1.97c-.13.02-.24.11-.3.21-.07.11-.09.25-.07.39.05.28.31.48.57.43l10.71-2.05,5.17,8.66c1.52,2.55,3.94,4.35,6.82,5.08l22.63,5.72c1.56.39,3.22.44,4.81.14,1.28-.24,2.49-.7,3.61-1.37l20.04-11.96c2.55-1.52,4.35-3.94,5.08-6.82l3.31-13.11,10.7-2.04c.13-.02.24-.11.3-.21.07-.11.09-.25.07-.39-.05-.28-.31-.48-.57-.43ZM83.83,61.97c-.66,2.61-2.29,4.8-4.6,6.18l-20.04,11.96c-1.01.6-2.11,1.02-3.27,1.24-1.43.27-2.94.23-4.35-.13l-22.63-5.72c-2.61-.66-4.8-2.29-6.18-4.6l-4.97-8.33,69.23-13.23-3.19,12.63Z\"><\/path><\/g><\/g><g><path class=\"cls-1\" d=\"M55.64,61.5s.07,0,.11,0c1.35.04,2.42,1.05,2.7,2.47.68,3.51-1.6,6.3-3.49,7.36-.16.09-.36.13-.56.13-.05,0-.1,0-.15,0-1.98-.25-4.99-1.81-5.88-4.89-.44-1.51-.14-2.81.93-3.59.48-.35,1.04-.53,1.61-.53.7,0,1.4.27,1.94.81.03.03.09.05.19.09.54-1.17,1.38-1.84,2.6-1.84M55.64,60.6c-.87,0-2,.27-2.87,1.44-.56-.33-1.19-.51-1.85-.51-.78,0-1.52.24-2.15.71-1.36,1-1.82,2.67-1.27,4.57,1.04,3.57,4.54,5.27,6.63,5.54.08.01.17.02.26.02.36,0,.71-.09,1-.25,2.01-1.13,4.72-4.28,3.94-8.32-.36-1.86-1.79-3.14-3.55-3.2h-.14Z\"><\/path><path class=\"cls-1\" d=\"M53.26,64.45c.4-.82,1.02-1.28,1.93-1.26.96.02,1.71.69,1.89,1.65.46,2.36-1.18,4.26-2.52,4.99-.14.08-.34.11-.5.09-1.4-.16-3.52-1.19-4.13-3.26-.3-1.01-.08-1.89.69-2.43.76-.54,1.82-.49,2.51.16.02.02.06.03.13.06Z\"><\/path><path class=\"cls-1\" d=\"M40.89,66.62c.24-.49.62-.77,1.16-.76.58.01,1.03.42,1.14.99.28,1.42-.71,2.56-1.52,3-.09.05-.2.06-.3.05-.84-.09-2.12-.72-2.49-1.96-.18-.61-.05-1.14.41-1.46.46-.33,1.1-.29,1.51.1.01.01.04.02.08.04Z\"><\/path><path class=\"cls-1\" d=\"M65.21,61.49c.24-.49.62-.77,1.16-.76.58.01,1.03.42,1.14.99.28,1.42-.71,2.56-1.52,3-.09.05-.2.06-.3.05-.84-.09-2.12-.72-2.49-1.96-.18-.61-.05-1.14.41-1.46.46-.33,1.1-.29,1.51.1.01.01.04.02.08.04Z\"><\/path><\/g><\/g><\/g><\/svg>\t\t\t<\/div>\n\t\t<\/div>\n\t\t\t\t\t\t<\/div>\n\t\t\t\t<\/div>\n\t\t\t\t\t<\/div>\n\t\t<\/div>\n\t\t\t\t\t<\/div>\n\t\t<\/div>\n\t\t\t\t<\/div>\n\t\t","protected":false},"excerpt":{"rendered":"<p>No los mojes. No los laves a m\u00e1quina. Mantenimiento con cepillos suaves o pa\u00f1os. En el caso que derrames alg\u00fan l\u00edquido, secalo inmediatamente con un pa\u00f1o limpio o una esponja absorbente seca. No lo frotes. Luego secalo con una toalla limpia y dej\u00e1 secar el art\u00edculo al ambiente (no al sol) porque decolora el cuero. Nunca seques el material con\u2026<\/p>\n","protected":false},"author":3,"featured_media":0,"parent":0,"menu_order":0,"comment_status":"closed","ping_status":"closed","template":"","meta":{"footnotes":""},"class_list":["post-5810","page","type-page","status-publish","hentry"],"_links":{"self":[{"href":"https:\/\/leloupshoes.com\/ar\/wp-json\/wp\/v2\/pages\/5810","targetHints":{"allow":["GET"]}}],"collection":[{"href":"https:\/\/leloupshoes.com\/ar\/wp-json\/wp\/v2\/pages"}],"about":[{"href":"https:\/\/leloupshoes.com\/ar\/wp-json\/wp\/v2\/types\/page"}],"author":[{"embeddable":true,"href":"https:\/\/leloupshoes.com\/ar\/wp-json\/wp\/v2\/users\/3"}],"replies":[{"embeddable":true,"href":"https:\/\/leloupshoes.com\/ar\/wp-json\/wp\/v2\/comments?post=5810"}],"version-history":[{"count":0,"href":"https:\/\/leloupshoes.com\/ar\/wp-json\/wp\/v2\/pages\/5810\/revisions"}],"wp:attachment":[{"href":"https:\/\/leloupshoes.com\/ar\/wp-json\/wp\/v2\/media?parent=5810"}],"curies":[{"name":"wp","href":"https:\/\/api.w.org\/{rel}","templated":true}]}}