{"id":5809,"date":"2024-06-08T23:45:20","date_gmt":"2024-06-09T02:45:20","guid":{"rendered":"https:\/\/leloupshoes.com\/ar\/?page_id=5809"},"modified":"2025-03-16T13:57:40","modified_gmt":"2025-03-16T16:57:40","slug":"como-saber-mi-talle","status":"publish","type":"page","link":"https:\/\/leloupshoes.com\/ar\/como-saber-mi-talle\/","title":{"rendered":"\u00bfC\u00f3mo saber mi talle?"},"content":{"rendered":"\t\t<div data-elementor-type=\"wp-page\" data-elementor-id=\"5809\" class=\"elementor elementor-5809\" data-elementor-post-type=\"page\">\n\t\t\t\t\t\t<div class=\"elementor-section elementor-top-section elementor-element elementor-element-5e4326c elementor-section-boxed elementor-section-height-default elementor-section-height-default\" data-id=\"5e4326c\" data-element_type=\"section\" data-e-type=\"section\" data-settings=\"{&quot;background_background&quot;:&quot;classic&quot;}\">\n\t\t\t\t\t\t<div class=\"elementor-container elementor-column-gap-default\">\n\t\t\t\t\t<div class=\"elementor-column elementor-col-100 elementor-top-column elementor-element elementor-element-90977aa\" data-id=\"90977aa\" data-element_type=\"column\" data-e-type=\"column\">\n\t\t\t<div class=\"elementor-widget-wrap elementor-element-populated\">\n\t\t\t\t\t\t<div class=\"elementor-element elementor-element-961f0cb elementor-widget elementor-widget-spacer\" data-id=\"961f0cb\" data-element_type=\"widget\" data-e-type=\"widget\" data-widget_type=\"spacer.default\">\n\t\t\t\t<div class=\"elementor-widget-container\">\n\t\t\t\t\t\t\t<div class=\"elementor-spacer\">\n\t\t\t<div class=\"elementor-spacer-inner\"><\/div>\n\t\t<\/div>\n\t\t\t\t\t\t<\/div>\n\t\t\t\t<\/div>\n\t\t\t\t\t<\/div>\n\t\t<\/div>\n\t\t\t\t\t<\/div>\n\t\t<\/div>\n\t\t\t\t<div class=\"elementor-section elementor-top-section elementor-element elementor-element-1e1246e elementor-section-boxed elementor-section-height-default elementor-section-height-default\" data-id=\"1e1246e\" data-element_type=\"section\" data-e-type=\"section\" data-settings=\"{&quot;background_background&quot;:&quot;classic&quot;}\">\n\t\t\t\t\t\t<div class=\"elementor-container elementor-column-gap-default\">\n\t\t\t\t\t<div class=\"elementor-column elementor-col-100 elementor-top-column elementor-element elementor-element-feb90c3\" data-id=\"feb90c3\" data-element_type=\"column\" data-e-type=\"column\">\n\t\t\t<div class=\"elementor-widget-wrap elementor-element-populated\">\n\t\t\t\t\t\t<div class=\"elementor-element elementor-element-2a914d5 elementor-widget elementor-widget-text-editor\" data-id=\"2a914d5\" data-element_type=\"widget\" data-e-type=\"widget\" data-widget_type=\"text-editor.default\">\n\t\t\t\t<div class=\"elementor-widget-container\">\n\t\t\t\t\t\t\t\t\t<ul><li data-start=\"56\" data-end=\"95\">Coloca una hoja de papel en el piso.<\/li><li data-start=\"96\" data-end=\"180\">Apoya tu pie sobre la hoja, asegur\u00e1ndote de que el tal\u00f3n quede pegado a la pared.<\/li><li data-start=\"181\" data-end=\"242\">Marca con un l\u00e1piz el punto donde llega tu dedo m\u00e1s largo.<\/li><li data-start=\"243\" data-end=\"326\">Mide la distancia desde el borde de la hoja hasta la marca de tu dedo m\u00e1s largo.<\/li><li data-start=\"327\" data-end=\"447\">Consulta la tabla de talles que se encuentra en la descripci\u00f3n de cada modelo, y el elige la medida siguiente a la tomada en el papel.<\/li><\/ul>\t\t\t\t\t\t\t\t<\/div>\n\t\t\t\t<\/div>\n\t\t\t\t\t<\/div>\n\t\t<\/div>\n\t\t\t\t\t<\/div>\n\t\t<\/div>\n\t\t\t\t<\/div>\n\t\t","protected":false},"excerpt":{"rendered":"<p>Coloca una hoja de papel en el piso. Apoya tu pie sobre la hoja, asegur\u00e1ndote de que el tal\u00f3n quede pegado a la pared. Marca con un l\u00e1piz el punto donde llega tu dedo m\u00e1s largo. Mide la distancia desde el borde de la hoja hasta la marca de tu dedo m\u00e1s largo. Consulta la tabla de talles que se\u2026<\/p>\n","protected":false},"author":3,"featured_media":0,"parent":0,"menu_order":0,"comment_status":"closed","ping_status":"closed","template":"","meta":{"footnotes":""},"class_list":["post-5809","page","type-page","status-publish","hentry"],"_links":{"self":[{"href":"https:\/\/leloupshoes.com\/ar\/wp-json\/wp\/v2\/pages\/5809","targetHints":{"allow":["GET"]}}],"collection":[{"href":"https:\/\/leloupshoes.com\/ar\/wp-json\/wp\/v2\/pages"}],"about":[{"href":"https:\/\/leloupshoes.com\/ar\/wp-json\/wp\/v2\/types\/page"}],"author":[{"embeddable":true,"href":"https:\/\/leloupshoes.com\/ar\/wp-json\/wp\/v2\/users\/3"}],"replies":[{"embeddable":true,"href":"https:\/\/leloupshoes.com\/ar\/wp-json\/wp\/v2\/comments?post=5809"}],"version-history":[{"count":0,"href":"https:\/\/leloupshoes.com\/ar\/wp-json\/wp\/v2\/pages\/5809\/revisions"}],"wp:attachment":[{"href":"https:\/\/leloupshoes.com\/ar\/wp-json\/wp\/v2\/media?parent=5809"}],"curies":[{"name":"wp","href":"https:\/\/api.w.org\/{rel}","templated":true}]}}