{"id":5804,"date":"2024-06-08T23:44:13","date_gmt":"2024-06-09T02:44:13","guid":{"rendered":"https:\/\/leloupshoes.com\/ar\/?page_id=5804"},"modified":"2025-10-17T16:18:08","modified_gmt":"2025-10-17T19:18:08","slug":"medios-de-pagos-y-como-comprar","status":"publish","type":"page","link":"https:\/\/leloupshoes.com\/ar\/medios-de-pagos-y-como-comprar\/","title":{"rendered":"Medios de pagos"},"content":{"rendered":"\t\t<div data-elementor-type=\"wp-page\" data-elementor-id=\"5804\" class=\"elementor elementor-5804\" data-elementor-post-type=\"page\">\n\t\t\t\t<div class=\"elementor-element elementor-element-6a4fb073 e-flex e-con-boxed e-con e-parent\" data-id=\"6a4fb073\" data-element_type=\"container\" data-e-type=\"container\">\n\t\t\t\t\t<div class=\"e-con-inner\">\n\t\t\t\t<div class=\"elementor-element elementor-element-fc9c9bf elementor-widget elementor-widget-text-editor\" data-id=\"fc9c9bf\" data-element_type=\"widget\" data-e-type=\"widget\" data-widget_type=\"text-editor.default\">\n\t\t\t\t<div class=\"elementor-widget-container\">\n\t\t\t\t\t\t\t\t\t<p><b>Mercado Pago:<\/b><br \/>&#8211; Tarjetas de d\u00e9bito y cr\u00e9dito (3 cuotas sin inter\u00e9s).<br \/>&#8211; Efectivo: Pago F\u00e1cil y R\u00e1pi Pago. Obtendr\u00e1s un c\u00f3digo para presentar.<\/p><p><b>Transferencia bancaria<\/b> (10% de descuento): obtendr\u00e1s los datos de la cuenta al seleccionar la opci\u00f3n y finalizar la compra. Enviar comprobante a tienda@leloupshoes.com.<\/p><p><a href=\"https:\/\/leloupshoes.com\/ar\/shop\/\"><br \/>realizar compra<br \/><\/a><br \/><img fetchpriority=\"high\" decoding=\"async\" src=\"https:\/\/leloupshoes.com\/ar\/wp-content\/uploads\/2024\/09\/medios-de-pago.svg\" alt=\"\" width=\"339\" height=\"293\" \/><\/p>\t\t\t\t\t\t\t\t<\/div>\n\t\t\t\t<\/div>\n\t\t\t\t\t<\/div>\n\t\t\t\t<\/div>\n\t\t\t\t<\/div>\n\t\t","protected":false},"excerpt":{"rendered":"<p>Mercado Pago:&#8211; Tarjetas de d\u00e9bito y cr\u00e9dito (3 cuotas sin inter\u00e9s).&#8211; Efectivo: Pago F\u00e1cil y R\u00e1pi Pago. Obtendr\u00e1s un c\u00f3digo para presentar. Transferencia bancaria (10% de descuento): obtendr\u00e1s los datos de la cuenta al seleccionar la opci\u00f3n y finalizar la compra. Enviar comprobante a tienda@leloupshoes.com. realizar compra<\/p>\n","protected":false},"author":3,"featured_media":0,"parent":0,"menu_order":0,"comment_status":"closed","ping_status":"closed","template":"","meta":{"footnotes":""},"class_list":["post-5804","page","type-page","status-publish","hentry"],"_links":{"self":[{"href":"https:\/\/leloupshoes.com\/ar\/wp-json\/wp\/v2\/pages\/5804","targetHints":{"allow":["GET"]}}],"collection":[{"href":"https:\/\/leloupshoes.com\/ar\/wp-json\/wp\/v2\/pages"}],"about":[{"href":"https:\/\/leloupshoes.com\/ar\/wp-json\/wp\/v2\/types\/page"}],"author":[{"embeddable":true,"href":"https:\/\/leloupshoes.com\/ar\/wp-json\/wp\/v2\/users\/3"}],"replies":[{"embeddable":true,"href":"https:\/\/leloupshoes.com\/ar\/wp-json\/wp\/v2\/comments?post=5804"}],"version-history":[{"count":3,"href":"https:\/\/leloupshoes.com\/ar\/wp-json\/wp\/v2\/pages\/5804\/revisions"}],"predecessor-version":[{"id":27531,"href":"https:\/\/leloupshoes.com\/ar\/wp-json\/wp\/v2\/pages\/5804\/revisions\/27531"}],"wp:attachment":[{"href":"https:\/\/leloupshoes.com\/ar\/wp-json\/wp\/v2\/media?parent=5804"}],"curies":[{"name":"wp","href":"https:\/\/api.w.org\/{rel}","templated":true}]}}